{"id":309,"date":"2020-01-13T11:17:52","date_gmt":"2020-01-13T11:17:52","guid":{"rendered":"https:\/\/demosites.io\/web-agency-gb\/?page_id=5"},"modified":"2024-06-15T01:17:58","modified_gmt":"2024-06-15T01:17:58","slug":"15c42-web-agency-gb-home","status":"publish","type":"page","link":"https:\/\/mannedujour.ca\/","title":{"rendered":"Accueil"},"content":{"rendered":"\n<div class=\"wp-block-cover alignfull is-light\" style=\"min-height:700px;aspect-ratio:unset;\"><span aria-hidden=\"true\" class=\"wp-block-cover__background has-background-dim-0 has-background-dim\" style=\"background-color:#bfb78e\"><\/span><img loading=\"lazy\" decoding=\"async\" width=\"2000\" height=\"1333\" class=\"wp-block-cover__image-background wp-image-640\" alt=\"\" src=\"http:\/\/mannedujour.ca\/wp-content\/uploads\/2024\/06\/Banner_3.jpg\" style=\"object-position:49% 95%\" data-object-fit=\"cover\" data-object-position=\"49% 95%\" srcset=\"https:\/\/mannedujour.ca\/wp-content\/uploads\/2024\/06\/Banner_3.jpg 2000w, https:\/\/mannedujour.ca\/wp-content\/uploads\/2024\/06\/Banner_3-300x200.jpg 300w, https:\/\/mannedujour.ca\/wp-content\/uploads\/2024\/06\/Banner_3-1024x682.jpg 1024w, https:\/\/mannedujour.ca\/wp-content\/uploads\/2024\/06\/Banner_3-768x512.jpg 768w, https:\/\/mannedujour.ca\/wp-content\/uploads\/2024\/06\/Banner_3-1536x1024.jpg 1536w, https:\/\/mannedujour.ca\/wp-content\/uploads\/2024\/06\/Banner_3-930x620.jpg 930w\" sizes=\"auto, (max-width: 2000px) 100vw, 2000px\" \/><div class=\"wp-block-cover__inner-container is-layout-flow wp-block-cover-is-layout-flow\"><div class=\"wp-block-image\">\n<figure class=\"aligncenter size-full is-resized\"><img loading=\"lazy\" decoding=\"async\" width=\"881\" height=\"467\" src=\"http:\/\/mannedujour.ca\/wp-content\/uploads\/2024\/05\/logo-manne-blanc-ombre.png\" alt=\"\" class=\"wp-image-11\" style=\"width:920px;height:auto\" srcset=\"https:\/\/mannedujour.ca\/wp-content\/uploads\/2024\/05\/logo-manne-blanc-ombre.png 881w, https:\/\/mannedujour.ca\/wp-content\/uploads\/2024\/05\/logo-manne-blanc-ombre-300x159.png 300w, https:\/\/mannedujour.ca\/wp-content\/uploads\/2024\/05\/logo-manne-blanc-ombre-768x407.png 768w\" sizes=\"auto, (max-width: 881px) 100vw, 881px\" \/><\/figure>\n<\/div><\/div><\/div>\n\n\n\n<div style=\"height:80px\" aria-hidden=\"true\" class=\"wp-block-spacer\"><\/div>\n\n\n\n<div class=\"wp-block-columns is-layout-flex wp-container-core-columns-is-layout-9d6595d7 wp-block-columns-is-layout-flex\">\n<div class=\"wp-block-column is-layout-flow wp-block-column-is-layout-flow\"><div class=\"wp-block-image icon-style is-style-rounded\">\n<figure class=\"aligncenter size-full\"><img loading=\"lazy\" decoding=\"async\" width=\"323\" height=\"215\" src=\"http:\/\/mannedujour.ca\/wp-content\/uploads\/2024\/05\/william-malott-497734-unsplash_3.jpg\" alt=\"\" class=\"wp-image-440\" title=\"\" srcset=\"https:\/\/mannedujour.ca\/wp-content\/uploads\/2024\/05\/william-malott-497734-unsplash_3.jpg 323w, https:\/\/mannedujour.ca\/wp-content\/uploads\/2024\/05\/william-malott-497734-unsplash_3-300x200.jpg 300w\" sizes=\"auto, (max-width: 323px) 100vw, 323px\" \/><\/figure>\n<\/div>\n\n\n<div style=\"height:20px\" aria-hidden=\"true\" class=\"wp-block-spacer\"><\/div>\n\n\n\n<h3 class=\"wp-block-heading has-text-align-center has-neve-text-color-color has-text-color\">LA BOUTIK<\/h3>\n\n\n\n<p class=\"has-text-align-center\">Pourquoi magasiner \u00e0<strong> <a href=\"http:\/\/mannedujour.ca\/?page_id=308\" data-type=\"page\" data-id=\"308\">LA BOUTIK<\/a> <\/strong>?<\/p>\n\n\n\n<div style=\"height:20px\" aria-hidden=\"true\" class=\"wp-block-spacer\"><\/div>\n<\/div>\n\n\n\n<div class=\"wp-block-column is-layout-flow wp-block-column-is-layout-flow\"><div class=\"wp-block-image icon-style is-style-rounded\">\n<figure class=\"aligncenter size-full\"><img loading=\"lazy\" decoding=\"async\" width=\"341\" height=\"215\" src=\"http:\/\/mannedujour.ca\/wp-content\/uploads\/2024\/05\/7672.jpeg\" alt=\"\" class=\"wp-image-438\" srcset=\"https:\/\/mannedujour.ca\/wp-content\/uploads\/2024\/05\/7672.jpeg 341w, https:\/\/mannedujour.ca\/wp-content\/uploads\/2024\/05\/7672-300x189.jpeg 300w\" sizes=\"auto, (max-width: 341px) 100vw, 341px\" \/><\/figure>\n<\/div>\n\n\n<div style=\"height:20px\" aria-hidden=\"true\" class=\"wp-block-spacer\"><\/div>\n\n\n\n<h3 class=\"wp-block-heading has-text-align-center has-neve-text-color-color has-text-color\">SERVICES<\/h3>\n\n\n\n<p class=\"has-text-align-center\">Saviez-vous que nous offrons des services alimentaires, des services \u00e9ducatifs et des services scolaires ?<\/p>\n\n\n\n<div style=\"height:20px\" aria-hidden=\"true\" class=\"wp-block-spacer\"><\/div>\n<\/div>\n\n\n\n<div class=\"wp-block-column is-layout-flow wp-block-column-is-layout-flow\"><div class=\"wp-block-image icon-style is-style-rounded\">\n<figure class=\"aligncenter size-full\"><img loading=\"lazy\" decoding=\"async\" width=\"310\" height=\"216\" src=\"http:\/\/mannedujour.ca\/wp-content\/uploads\/2024\/05\/hannah-tasker-333889-unsplash.jpeg\" alt=\"\" class=\"wp-image-439\" srcset=\"https:\/\/mannedujour.ca\/wp-content\/uploads\/2024\/05\/hannah-tasker-333889-unsplash.jpeg 310w, https:\/\/mannedujour.ca\/wp-content\/uploads\/2024\/05\/hannah-tasker-333889-unsplash-300x209.jpeg 300w\" sizes=\"auto, (max-width: 310px) 100vw, 310px\" \/><\/figure>\n<\/div>\n\n\n<div style=\"height:20px\" aria-hidden=\"true\" class=\"wp-block-spacer\"><\/div>\n\n\n\n<h3 class=\"wp-block-heading has-text-align-center has-neve-text-color-color has-text-color\">CAPSULES ALIMENTAIRES<\/h3>\n\n\n\n<p class=\"has-text-align-center\">Des recettes faciles \u00e0 faire,<br>pour petits et grands!<\/p>\n\n\n\n<div style=\"height:20px\" aria-hidden=\"true\" class=\"wp-block-spacer\"><\/div>\n<\/div>\n<\/div>\n\n\n\n<div class=\"wp-block-cover alignfull\" style=\"min-height:300px;aspect-ratio:unset;\"><span aria-hidden=\"true\" class=\"wp-block-cover__background has-nv-dark-bg-background-color has-background-dim-100 has-background-dim\"><\/span><div class=\"wp-block-cover__inner-container is-layout-flow wp-block-cover-is-layout-flow\">\n<div style=\"height:140px\" aria-hidden=\"true\" class=\"wp-block-spacer\"><\/div>\n\n\n\n<h2 class=\"wp-block-heading has-text-align-center has-nv-text-dark-bg-color has-text-color\">NOUS JOINDRE<\/h2>\n\n\n\n<div class=\"wp-block-columns is-layout-flex wp-container-core-columns-is-layout-9d6595d7 wp-block-columns-is-layout-flex\">\n<div class=\"wp-block-column is-layout-flow wp-block-column-is-layout-flow\" style=\"flex-basis:100%\">\n<div class=\"wp-block-columns is-layout-flex wp-container-core-columns-is-layout-9d6595d7 wp-block-columns-is-layout-flex\">\n<div class=\"wp-block-column is-vertically-aligned-top is-layout-flow wp-block-column-is-layout-flow\">\n<h3 class=\"wp-block-heading has-text-align-left\">Par T\u00e9l\u00e9phone<\/h3>\n\n\n\n<p style=\"color:white;\">T\u00e9l\u00e9phone: 819-623-6604<br><br>Sans frais: 1-844-623-6604<\/p>\n<\/div>\n\n\n\n<div class=\"wp-block-column is-layout-flow wp-block-column-is-layout-flow\">\n<h3 class=\"wp-block-heading has-text-align-left\">Adresse<\/h3>\n\n\n\n<p style=\"color:gray;\">386 rue H\u00e9bert<\/br><\/br>Mont-Laurier<\/br><\/br>Qu\u00e9bec, J9L 2X2<\/p>\n<\/div>\n\n\n\n<div class=\"wp-block-column is-layout-flow wp-block-column-is-layout-flow\">\n<h3 class=\"wp-block-heading has-text-align-left\">R\u00e9seaux sociaux<\/h3>\n\n\n\n<ul class=\"wp-block-social-links is-layout-flex wp-block-social-links-is-layout-flex\"><li class=\"wp-social-link wp-social-link-facebook  wp-block-social-link\"><a href=\"https:\/\/www.facebook.com\/mannedujour\/\" class=\"wp-block-social-link-anchor\"><svg width=\"24\" height=\"24\" viewBox=\"0 0 24 24\" version=\"1.1\" xmlns=\"http:\/\/www.w3.org\/2000\/svg\" aria-hidden=\"true\" focusable=\"false\"><path d=\"M12 2C6.5 2 2 6.5 2 12c0 5 3.7 9.1 8.4 9.9v-7H7.9V12h2.5V9.8c0-2.5 1.5-3.9 3.8-3.9 1.1 0 2.2.2 2.2.2v2.5h-1.3c-1.2 0-1.6.8-1.6 1.6V12h2.8l-.4 2.9h-2.3v7C18.3 21.1 22 17 22 12c0-5.5-4.5-10-10-10z\"><\/path><\/svg><span class=\"wp-block-social-link-label screen-reader-text\">Facebook<\/span><\/a><\/li>\n\n<li class=\"wp-social-link wp-social-link-mail  wp-block-social-link\"><a href=\"mailto:&#109;a&#110;neduj&#111;&#117;r&#064;&#103;&#109;ail&#046;com\" class=\"wp-block-social-link-anchor\"><svg width=\"24\" height=\"24\" viewBox=\"0 0 24 24\" version=\"1.1\" xmlns=\"http:\/\/www.w3.org\/2000\/svg\" aria-hidden=\"true\" focusable=\"false\"><path d=\"M19,5H5c-1.1,0-2,.9-2,2v10c0,1.1.9,2,2,2h14c1.1,0,2-.9,2-2V7c0-1.1-.9-2-2-2zm.5,12c0,.3-.2.5-.5.5H5c-.3,0-.5-.2-.5-.5V9.8l7.5,5.6,7.5-5.6V17zm0-9.1L12,13.6,4.5,7.9V7c0-.3.2-.5.5-.5h14c.3,0,.5.2.5.5v.9z\"><\/path><\/svg><span class=\"wp-block-social-link-label screen-reader-text\">Mail<\/span><\/a><\/li><\/ul>\n<\/div>\n<\/div>\n<\/div>\n<\/div>\n\n\n\n<div style=\"height:140px\" aria-hidden=\"true\" class=\"wp-block-spacer\"><\/div>\n<\/div><\/div>\n","protected":false},"excerpt":{"rendered":"<p>LA BOUTIK Pourquoi magasiner \u00e0 LA BOUTIK ? SERVICES Saviez-vous que nous offrons des services alimentaires, des services \u00e9ducatifs et des services scolaires ? CAPSULES ALIMENTAIRES Des recettes faciles \u00e0 faire,pour petits et grands!<\/p>\n","protected":false},"author":2,"featured_media":0,"parent":0,"menu_order":0,"comment_status":"closed","ping_status":"closed","template":"","meta":{"neve_meta_sidebar":"default","neve_meta_container":"default","neve_meta_enable_content_width":"on","neve_meta_content_width":100,"neve_meta_title_alignment":"","neve_meta_author_avatar":"","neve_post_elements_order":"","neve_meta_disable_header":"","neve_meta_disable_footer":"","neve_meta_disable_title":"on","footnotes":""},"class_list":["post-309","page","type-page","status-publish","hentry"],"_links":{"self":[{"href":"https:\/\/mannedujour.ca\/index.php?rest_route=\/wp\/v2\/pages\/309","targetHints":{"allow":["GET"]}}],"collection":[{"href":"https:\/\/mannedujour.ca\/index.php?rest_route=\/wp\/v2\/pages"}],"about":[{"href":"https:\/\/mannedujour.ca\/index.php?rest_route=\/wp\/v2\/types\/page"}],"author":[{"embeddable":true,"href":"https:\/\/mannedujour.ca\/index.php?rest_route=\/wp\/v2\/users\/2"}],"replies":[{"embeddable":true,"href":"https:\/\/mannedujour.ca\/index.php?rest_route=%2Fwp%2Fv2%2Fcomments&post=309"}],"version-history":[{"count":12,"href":"https:\/\/mannedujour.ca\/index.php?rest_route=\/wp\/v2\/pages\/309\/revisions"}],"predecessor-version":[{"id":756,"href":"https:\/\/mannedujour.ca\/index.php?rest_route=\/wp\/v2\/pages\/309\/revisions\/756"}],"wp:attachment":[{"href":"https:\/\/mannedujour.ca\/index.php?rest_route=%2Fwp%2Fv2%2Fmedia&parent=309"}],"curies":[{"name":"wp","href":"https:\/\/api.w.org\/{rel}","templated":true}]}}