{"id":366,"date":"2024-05-01T14:10:16","date_gmt":"2024-05-01T14:10:16","guid":{"rendered":"http:\/\/mannedujour.ca\/?page_id=366"},"modified":"2024-06-14T02:23:43","modified_gmt":"2024-06-14T02:23:43","slug":"mission-vision-et-valeurs","status":"publish","type":"page","link":"https:\/\/mannedujour.ca\/?page_id=366","title":{"rendered":"Mission, vision et valeurs"},"content":{"rendered":"\n<div class=\"wp-block-cover alignfull has-x-large-font-size\" style=\"padding-top:0;padding-bottom:0;min-height:407px;aspect-ratio:unset;\"><span aria-hidden=\"true\" class=\"wp-block-cover__background has-background-dim-20 has-background-dim\" style=\"background-color:#7d7c72\"><\/span><img loading=\"lazy\" decoding=\"async\" width=\"2000\" height=\"1331\" class=\"wp-block-cover__image-background wp-image-641\" alt=\"\" src=\"http:\/\/mannedujour.ca\/wp-content\/uploads\/2024\/06\/Banner_Top.jpg\" style=\"object-position:48% 21%\" data-object-fit=\"cover\" data-object-position=\"48% 21%\" srcset=\"https:\/\/mannedujour.ca\/wp-content\/uploads\/2024\/06\/Banner_Top.jpg 2000w, https:\/\/mannedujour.ca\/wp-content\/uploads\/2024\/06\/Banner_Top-300x200.jpg 300w, https:\/\/mannedujour.ca\/wp-content\/uploads\/2024\/06\/Banner_Top-1024x681.jpg 1024w, https:\/\/mannedujour.ca\/wp-content\/uploads\/2024\/06\/Banner_Top-768x511.jpg 768w, https:\/\/mannedujour.ca\/wp-content\/uploads\/2024\/06\/Banner_Top-1536x1022.jpg 1536w, https:\/\/mannedujour.ca\/wp-content\/uploads\/2024\/06\/Banner_Top-930x620.jpg 930w\" sizes=\"auto, (max-width: 2000px) 100vw, 2000px\" \/><div class=\"wp-block-cover__inner-container is-layout-constrained wp-block-cover-is-layout-constrained\">\n<p class=\"has-text-align-center has-nv-site-bg-color has-text-color has-link-color has-x-large-font-size wp-elements-98a8ebac167ec65fa007d6d2800261c6\">MISSION, VISION et VALEURS<\/p>\n<\/div><\/div>\n\n\n\n<h3 class=\"wp-block-heading has-text-align-center has-text-color has-link-color wp-elements-d6f7913d17755bfa0ab5e09660ee2a43\" style=\"color:#555b51;padding-top:var(--wp--preset--spacing--70);padding-bottom:var(--wp--preset--spacing--60)\"><em>Notre Mission est d&#8217;offrir des denr\u00e9es alimentaires \u00e0 la population<br>de la MRC d\u2019Antoine-Labelle, la soutenir, augmenter son empowerment et<br>lui permettre ainsi de retrouver sa place dans sa communaut\u00e9.<\/em><\/h3>\n\n\n\n<h2 class=\"wp-block-heading has-text-align-center has-text-color has-link-color wp-elements-292de98f2c145641f82d4b44ea41caa7\" style=\"color:#bcbfae\">VALEURS<\/h2>\n\n\n\n<div class=\"wp-block-columns is-layout-flex wp-container-core-columns-is-layout-9d6595d7 wp-block-columns-is-layout-flex\">\n<div class=\"wp-block-column is-layout-flow wp-block-column-is-layout-flow\">\n<hr class=\"wp-block-separator has-alpha-channel-opacity\"\/>\n\n\n\n<h3 class=\"wp-block-heading has-text-color has-link-color wp-elements-075818be9a5b5ecca60ed0a27112744e\" style=\"color:#555b51\">Le <strong>Respect<\/strong><\/h3>\n\n\n\n<p>Manne du Jour assume des actes qui pr\u00e9servent la dignit\u00e9 humaine. Ainsi, tous doivent \u00eatre trait\u00e9s avec courtoisie, \u00e9quit\u00e9 et compr\u00e9hension. Le respect et la reconnaissance des droits et libert\u00e9s doivent inspirer les gestes pos\u00e9s et les paroles qui sont dites.<br><br><\/p>\n\n\n\n<hr class=\"wp-block-separator has-alpha-channel-opacity\"\/>\n\n\n\n<h3 class=\"wp-block-heading has-text-color has-link-color wp-elements-9c1f35bb19baeb502ada9e4093882c7d\" style=\"color:#555b51\">La <strong>Confidentialit\u00e9<\/strong><\/h3>\n\n\n\n<p>Manne du Jour se doit d&#8217;assurer une grande discr\u00e9tion. Tout et chacun a le droit \u00e0 son identit\u00e9 et \u00e0 sa vie priv\u00e9e. Sauf lors de n\u00e9cessit\u00e9s, les informations \u00e9chang\u00e9es entre un usager et un membre du personnel demeurent confidentielles et ne seront pas r\u00e9p\u00e9t\u00e9es sans votre autorisation.<\/p>\n<\/div>\n\n\n\n<div class=\"wp-block-column is-layout-flow wp-block-column-is-layout-flow\">\n<hr class=\"wp-block-separator has-alpha-channel-opacity\"\/>\n\n\n\n<h3 class=\"wp-block-heading has-text-color has-link-color wp-elements-9124040d696bb54c17b791a20421d1fe\" style=\"color:#555b51\">L&#8217;<strong>\u00c9quit\u00e9<\/strong><\/h3>\n\n\n\n<p class=\"has-text-align-left\">Manne du Jour ne tol\u00e8re aucun favoritisme et encourage les rapports \u00e9galitaires. Elle se doit de traiter les situations avec neutralit\u00e9. Ainsi, tous ont le droit d&#8217;\u00eatre accueillis et \u00e9cout\u00e9s. Toutefois, afin d&#8217;offrir des services \u00e0 la fois \u00e9quitables et conformes aux besoins des personnes, l&#8217;analyse des demandes se fait \u00e0 l&#8217;aide d&#8217;outils autoris\u00e9s par les responsables de l&#8217;organisme.<\/p>\n\n\n\n<hr class=\"wp-block-separator has-alpha-channel-opacity\"\/>\n\n\n\n<h3 class=\"wp-block-heading has-text-color has-link-color wp-elements-977ed5e903788ef0547fd96084a8e8d4\" style=\"color:#555b51\">La <strong>Courtoisie<\/strong><\/h3>\n\n\n\n<p>Manne du Jour pr\u00e9conise des relations marqu\u00e9es du sceau de la politesse, de la douceur, de l&#8217;amabilit\u00e9, de la courtoisie et du professionnalisme.<\/p>\n<\/div>\n<\/div>\n\n\n\n<div class=\"wp-block-columns is-layout-flex wp-container-core-columns-is-layout-9d6595d7 wp-block-columns-is-layout-flex\">\n<div class=\"wp-block-column is-layout-flow wp-block-column-is-layout-flow\"><\/div>\n\n\n\n<div class=\"wp-block-column is-layout-flow wp-block-column-is-layout-flow\"><\/div>\n<\/div>\n","protected":false},"excerpt":{"rendered":"<p>Notre Mission est d&#8217;offrir des denr\u00e9es alimentaires \u00e0 la populationde la MRC d\u2019Antoine-Labelle, la soutenir, augmenter son empowerment etlui permettre ainsi de retrouver sa place dans sa communaut\u00e9. VALEURS Le Respect Manne du Jour assume des actes qui pr\u00e9servent la dignit\u00e9 humaine. Ainsi, tous doivent \u00eatre trait\u00e9s avec courtoisie, \u00e9quit\u00e9 et compr\u00e9hension. Le respect et&hellip;&nbsp;<a href=\"https:\/\/mannedujour.ca\/?page_id=366\" class=\"\" rel=\"bookmark\">Read More &raquo;<span class=\"screen-reader-text\">Mission, vision et valeurs<\/span><\/a><\/p>\n","protected":false},"author":2,"featured_media":0,"parent":0,"menu_order":0,"comment_status":"closed","ping_status":"closed","template":"","meta":{"neve_meta_sidebar":"","neve_meta_container":"contained","neve_meta_enable_content_width":"","neve_meta_content_width":0,"neve_meta_title_alignment":"","neve_meta_author_avatar":"","neve_post_elements_order":"","neve_meta_disable_header":"","neve_meta_disable_footer":"","neve_meta_disable_title":"on","footnotes":""},"class_list":["post-366","page","type-page","status-publish","hentry"],"_links":{"self":[{"href":"https:\/\/mannedujour.ca\/index.php?rest_route=\/wp\/v2\/pages\/366","targetHints":{"allow":["GET"]}}],"collection":[{"href":"https:\/\/mannedujour.ca\/index.php?rest_route=\/wp\/v2\/pages"}],"about":[{"href":"https:\/\/mannedujour.ca\/index.php?rest_route=\/wp\/v2\/types\/page"}],"author":[{"embeddable":true,"href":"https:\/\/mannedujour.ca\/index.php?rest_route=\/wp\/v2\/users\/2"}],"replies":[{"embeddable":true,"href":"https:\/\/mannedujour.ca\/index.php?rest_route=%2Fwp%2Fv2%2Fcomments&post=366"}],"version-history":[{"count":12,"href":"https:\/\/mannedujour.ca\/index.php?rest_route=\/wp\/v2\/pages\/366\/revisions"}],"predecessor-version":[{"id":663,"href":"https:\/\/mannedujour.ca\/index.php?rest_route=\/wp\/v2\/pages\/366\/revisions\/663"}],"wp:attachment":[{"href":"https:\/\/mannedujour.ca\/index.php?rest_route=%2Fwp%2Fv2%2Fmedia&parent=366"}],"curies":[{"name":"wp","href":"https:\/\/api.w.org\/{rel}","templated":true}]}}