{"id":367,"date":"2024-05-01T14:10:16","date_gmt":"2024-05-01T14:10:16","guid":{"rendered":"http:\/\/mannedujour.ca\/?page_id=367"},"modified":"2024-06-14T02:23:21","modified_gmt":"2024-06-14T02:23:21","slug":"notre-histoire","status":"publish","type":"page","link":"https:\/\/mannedujour.ca\/?page_id=367","title":{"rendered":"Notre histoire"},"content":{"rendered":"\n<div class=\"wp-block-cover alignfull\" style=\"min-height:407px;aspect-ratio:unset;\"><span aria-hidden=\"true\" class=\"wp-block-cover__background has-background-dim-20 has-background-dim\" style=\"background-color:#7d7c72\"><\/span><img loading=\"lazy\" decoding=\"async\" width=\"2000\" height=\"1331\" class=\"wp-block-cover__image-background wp-image-641\" alt=\"\" src=\"http:\/\/mannedujour.ca\/wp-content\/uploads\/2024\/06\/Banner_Top.jpg\" style=\"object-position:48% 21%\" data-object-fit=\"cover\" data-object-position=\"48% 21%\" srcset=\"https:\/\/mannedujour.ca\/wp-content\/uploads\/2024\/06\/Banner_Top.jpg 2000w, https:\/\/mannedujour.ca\/wp-content\/uploads\/2024\/06\/Banner_Top-300x200.jpg 300w, https:\/\/mannedujour.ca\/wp-content\/uploads\/2024\/06\/Banner_Top-1024x681.jpg 1024w, https:\/\/mannedujour.ca\/wp-content\/uploads\/2024\/06\/Banner_Top-768x511.jpg 768w, https:\/\/mannedujour.ca\/wp-content\/uploads\/2024\/06\/Banner_Top-1536x1022.jpg 1536w, https:\/\/mannedujour.ca\/wp-content\/uploads\/2024\/06\/Banner_Top-930x620.jpg 930w\" sizes=\"auto, (max-width: 2000px) 100vw, 2000px\" \/><div class=\"wp-block-cover__inner-container is-layout-constrained wp-block-cover-is-layout-constrained\">\n<p class=\"has-text-align-center has-nv-site-bg-color has-text-color has-link-color has-x-large-font-size wp-elements-706096968f899f8a54928c3a5d8d30e3\">NOTRE HISTOIRE<\/p>\n<\/div><\/div>\n\n\n\n<div style=\"height:50px\" aria-hidden=\"true\" class=\"wp-block-spacer\"><\/div>\n\n\n\n<p>Fond\u00e9e en 1995 par Madame Pauline Vall\u00e9e, infirmi\u00e8re de profession, et incorpor\u00e9e comme organisme de charit\u00e9 en 1996, Manne du jour op\u00e9rait au d\u00e9part deux comptoirs alimentaires \u00e0 Mont-Laurier et \u00e0 Nominingue ainsi qu\u2019un point de chute \u00e0 Rivi\u00e8re Rouge. Cela a permis d\u2019apporter un soutien alimentaire aux familles d\u00e9favoris\u00e9es de la MRC d\u2019Antoine-Labelle. Depuis, elle s&#8217;adapte et bonifie ses champs d&#8217;interventions pour mieux r\u00e9pondre aux besoins de ses membres.<\/p>\n\n\n\n<p>En mars 2011, le comptoir alimentaire de Mont-Laurier subit un incendie majeur, d\u00e9truisant presque enti\u00e8rement ces b\u00e2timents et installations. Rena\u00eetre de ses cendres tout en poursuivant ses activit\u00e9s pour le bien de la communaut\u00e9 fut un grand d\u00e9fi \u00e0 relever. C\u2019est en mai 2012, apr\u00e8s environ 14 mois, qu\u2019elle int\u00e8gre enfin son nouveau b\u00e2timent, mais c\u2019est seulement en f\u00e9vrier 2013 que son inauguration officielle aura lieu en compagnie de ses nombreux partenaires et donateurs.<\/p>\n\n\n\n<p>En avril 2016, Manne du Jour prend la d\u00e9cision, pour des raisons \u00e9conomiques, de fermer son comptoir alimentaire de Nominingue et d\u2019ouvrir une route de distribution comprenant quatre points de chute, soit Lac Saguay, Rivi\u00e8re-Rouge, Nominingue et Ste-V\u00e9ronique.<br>\u200b<br>Puis, en 2021, en partenariat avec la Maison de la famille de Notre-Dame-du-Laus, la route de distribution s\u2019agrandit par un nouveau point de chute \u00e0 Notre-Dame-du-Laus, ce qui ouvre la voie dans le secteur de la li\u00e8vre sud.<\/p>\n\n\n\n<p>En 2022, le projet de la balade alimentaire, consistant \u00e0 rendre les services plus accessible par le biais de points de chute dans les villages plus \u00e9loign\u00e9s, est mis en place dans cinq municipalit\u00e9s de la li\u00e8vre sud, soit Lac-des-Iles, Notre-Dame-de-Pontmain, Lac-du-cerf, Kiamika et Val-Barrette.<\/p>\n","protected":false},"excerpt":{"rendered":"<p>Fond\u00e9e en 1995 par Madame Pauline Vall\u00e9e, infirmi\u00e8re de profession, et incorpor\u00e9e comme organisme de charit\u00e9 en 1996, Manne du jour op\u00e9rait au d\u00e9part deux comptoirs alimentaires \u00e0 Mont-Laurier et \u00e0 Nominingue ainsi qu\u2019un point de chute \u00e0 Rivi\u00e8re Rouge. Cela a permis d\u2019apporter un soutien alimentaire aux familles d\u00e9favoris\u00e9es de la MRC d\u2019Antoine-Labelle. Depuis,&hellip;&nbsp;<a href=\"https:\/\/mannedujour.ca\/?page_id=367\" class=\"\" rel=\"bookmark\">Read More &raquo;<span class=\"screen-reader-text\">Notre histoire<\/span><\/a><\/p>\n","protected":false},"author":2,"featured_media":0,"parent":0,"menu_order":0,"comment_status":"closed","ping_status":"closed","template":"","meta":{"neve_meta_sidebar":"","neve_meta_container":"","neve_meta_enable_content_width":"","neve_meta_content_width":0,"neve_meta_title_alignment":"","neve_meta_author_avatar":"","neve_post_elements_order":"","neve_meta_disable_header":"","neve_meta_disable_footer":"","neve_meta_disable_title":"on","footnotes":""},"class_list":["post-367","page","type-page","status-publish","hentry"],"_links":{"self":[{"href":"https:\/\/mannedujour.ca\/index.php?rest_route=\/wp\/v2\/pages\/367","targetHints":{"allow":["GET"]}}],"collection":[{"href":"https:\/\/mannedujour.ca\/index.php?rest_route=\/wp\/v2\/pages"}],"about":[{"href":"https:\/\/mannedujour.ca\/index.php?rest_route=\/wp\/v2\/types\/page"}],"author":[{"embeddable":true,"href":"https:\/\/mannedujour.ca\/index.php?rest_route=\/wp\/v2\/users\/2"}],"replies":[{"embeddable":true,"href":"https:\/\/mannedujour.ca\/index.php?rest_route=%2Fwp%2Fv2%2Fcomments&post=367"}],"version-history":[{"count":6,"href":"https:\/\/mannedujour.ca\/index.php?rest_route=\/wp\/v2\/pages\/367\/revisions"}],"predecessor-version":[{"id":662,"href":"https:\/\/mannedujour.ca\/index.php?rest_route=\/wp\/v2\/pages\/367\/revisions\/662"}],"wp:attachment":[{"href":"https:\/\/mannedujour.ca\/index.php?rest_route=%2Fwp%2Fv2%2Fmedia&parent=367"}],"curies":[{"name":"wp","href":"https:\/\/api.w.org\/{rel}","templated":true}]}}