{"id":368,"date":"2024-05-01T14:10:16","date_gmt":"2024-05-01T14:10:16","guid":{"rendered":"http:\/\/mannedujour.ca\/?page_id=368"},"modified":"2024-06-14T02:22:53","modified_gmt":"2024-06-14T02:22:53","slug":"developpement-des-services","status":"publish","type":"page","link":"https:\/\/mannedujour.ca\/?page_id=368","title":{"rendered":"D\u00e9veloppement des services"},"content":{"rendered":"\n<div class=\"wp-block-cover alignfull\" style=\"min-height:407px;aspect-ratio:unset;\"><span aria-hidden=\"true\" class=\"wp-block-cover__background has-background-dim-20 has-background-dim\" style=\"background-color:#7d7c72\"><\/span><img loading=\"lazy\" decoding=\"async\" width=\"2000\" height=\"1331\" class=\"wp-block-cover__image-background wp-image-655\" alt=\"\" src=\"https:\/\/mannedujour.ca\/wp-content\/uploads\/2024\/06\/Banner_Top-1.jpg\" style=\"object-position:48% 21%\" data-object-fit=\"cover\" data-object-position=\"48% 21%\" srcset=\"https:\/\/mannedujour.ca\/wp-content\/uploads\/2024\/06\/Banner_Top-1.jpg 2000w, https:\/\/mannedujour.ca\/wp-content\/uploads\/2024\/06\/Banner_Top-1-300x200.jpg 300w, https:\/\/mannedujour.ca\/wp-content\/uploads\/2024\/06\/Banner_Top-1-1024x681.jpg 1024w, https:\/\/mannedujour.ca\/wp-content\/uploads\/2024\/06\/Banner_Top-1-768x511.jpg 768w, https:\/\/mannedujour.ca\/wp-content\/uploads\/2024\/06\/Banner_Top-1-1536x1022.jpg 1536w, https:\/\/mannedujour.ca\/wp-content\/uploads\/2024\/06\/Banner_Top-1-930x620.jpg 930w\" sizes=\"auto, (max-width: 2000px) 100vw, 2000px\" \/><div class=\"wp-block-cover__inner-container is-layout-constrained wp-block-cover-is-layout-constrained\">\n<p class=\"has-text-align-center has-nv-site-bg-color has-text-color has-link-color has-x-large-font-size wp-elements-94e35f061ad29ec21e4598646a8f835d\">D\u00c9VELOPPEMENT et SERVICES<\/p>\n<\/div><\/div>\n\n\n\n<div style=\"height:50px\" aria-hidden=\"true\" class=\"wp-block-spacer\"><\/div>\n\n\n\n<div class=\"wp-block-columns is-layout-flex wp-container-core-columns-is-layout-9d6595d7 wp-block-columns-is-layout-flex\">\n<div class=\"wp-block-column is-layout-flow wp-block-column-is-layout-flow\">\n<h3 class=\"wp-block-heading\">1995<\/h3>\n\n\n\n<p>Cr\u00e9ation de la&nbsp;Manne du Jour pour soutenir la client\u00e8le d\u00e9favoris\u00e9 du territoire de la MRC d&#8217;Antoine-Labelle en offrant une aide alimentaire directe.<\/p>\n\n\n\n<hr class=\"wp-block-separator has-alpha-channel-opacity is-style-default\"\/>\n\n\n\n<h3 class=\"wp-block-heading\">1996<\/h3>\n\n\n\n<ul class=\"wp-block-list\">\n<li>Incorporation du comptoir. L&#8217;organisme est reconnu comme Organisme de charit\u00e9 ;<\/li>\n\n\n\n<li>Implantation d&#8217;un point de Chute \u00e0 Notre Dame de Pontmain (Fin en 1999) ;<\/li>\n\n\n\n<li>Implantation de plateaux de travail pour favoriser l&#8217;\u00e9mergence de comp\u00e9tences et d&#8217;habilet\u00e9s propices \u00e0 l&#8217;insertion \u00e0 l&#8217;emploi.<\/li>\n<\/ul>\n\n\n\n<hr class=\"wp-block-separator has-alpha-channel-opacity\"\/>\n\n\n\n<h3 class=\"wp-block-heading\">1997<\/h3>\n\n\n\n<ul class=\"wp-block-list\">\n<li>Cr\u00e9ation d&#8217;un 2e comptoir alimentaire \u00e0 Nominingue ;<\/li>\n\n\n\n<li>D\u00e9but de la distribution de muffins dans les \u00e9coles ;<\/li>\n\n\n\n<li>D\u00e9but de la distribution de d\u00eeners chaud \u00e0 la polyvalente St-Joseph (Fin en 1999) ;<\/li>\n\n\n\n<li>D\u00e9but du <em>Club devoir<\/em> (1999 \u00e0 2001&nbsp;: Arr\u00eat forc\u00e9, manque de financement).<\/li>\n<\/ul>\n\n\n\n<hr class=\"wp-block-separator has-alpha-channel-opacity\"\/>\n\n\n\n<h3 class=\"wp-block-heading\">1999<\/h3>\n\n\n\n<p>Mise en place de la <em>Boutik<\/em>.<\/p>\n\n\n\n<hr class=\"wp-block-separator has-alpha-channel-opacity\"\/>\n\n\n\n<h3 class=\"wp-block-heading\">2000<\/h3>\n\n\n\n<ul class=\"wp-block-list\">\n<li>Acquisition d&#8217;une propri\u00e9t\u00e9 ;<\/li>\n\n\n\n<li>D\u00e9but de la distribution de cadeaux \u00e0 tous les enfants dont l&#8217;\u00e2ge varie entre 0 et 12 ans lors des paniers de No\u00ebl.<\/li>\n<\/ul>\n\n\n\n<hr class=\"wp-block-separator has-alpha-channel-opacity\"\/>\n\n\n\n<h3 class=\"wp-block-heading\">2001<\/h3>\n\n\n\n<ul class=\"wp-block-list\">\n<li>Mise en place du Support au budget qui laisse graduellement sa place \u00e0 des cuisines collectives ;<\/li>\n\n\n\n<li>Implantation d&#8217;un point de chute \u00e0 l&#8217;Annonciation.<\/li>\n<\/ul>\n\n\n\n<hr class=\"wp-block-separator has-alpha-channel-opacity\"\/>\n\n\n\n<h3 class=\"wp-block-heading\">2002<\/h3>\n\n\n\n<p>Mise en place de d\u00e9gustations lors de la distribution des paniers.<\/p>\n\n\n\n<hr class=\"wp-block-separator has-alpha-channel-opacity\"\/>\n\n\n\n<h3 class=\"wp-block-heading\">2003<\/h3>\n\n\n\n<p>Mise en place de d\u00e9gustations lors de la distribution des paniers.<\/p>\n\n\n\n<hr class=\"wp-block-separator has-alpha-channel-opacity\"\/>\n\n\n\n<h3 class=\"wp-block-heading\">2004<\/h3>\n\n\n\n<ul class=\"wp-block-list\">\n<li>Mise en place des \u00ab&nbsp;Samedis<em>&nbsp;de jouer&nbsp;\u00bb<\/em>&nbsp;;<\/li>\n\n\n\n<li>Les ateliers Club devoir et samedis de jouer sont anim\u00e9s par des \u00e9ducatrices ;&nbsp;<\/li>\n\n\n\n<li>Ajout de collations pour les \u00e9l\u00e8ves lors de la remise des paniers.<\/li>\n<\/ul>\n\n\n\n<hr class=\"wp-block-separator has-alpha-channel-opacity\"\/>\n\n\n\n<h3 class=\"wp-block-heading\">2005<\/h3>\n\n\n\n<ul class=\"wp-block-list\">\n<li>Participe \u00e0 l&#8217;\u00e9bauche d&#8217;une Table r\u00e9gionale en s\u00e9curit\u00e9 alimentaire;<\/li>\n\n\n\n<li>Remise de sac \u00e0 dos incluant tous les articles n\u00e9cessaires \u00e0 la rentr\u00e9e scolaire.<\/li>\n<\/ul>\n<\/div>\n\n\n\n<div class=\"wp-block-column is-layout-flow wp-block-column-is-layout-flow\">\n<h3 class=\"wp-block-heading\">2006<\/h3>\n\n\n\n<ul class=\"wp-block-list\">\n<li>Agrandissement du local ;<\/li>\n\n\n\n<li>Cr\u00e9ation d&#8217;un garage afin de faciliter l&#8217;entreposage.<\/li>\n<\/ul>\n\n\n\n<hr class=\"wp-block-separator has-alpha-channel-opacity\"\/>\n\n\n\n<h3 class=\"wp-block-heading\">2007<\/h3>\n\n\n\n<ul class=\"wp-block-list\">\n<li>D\u00e9but d&#8217;un partenariat avec la commission scolaire Pierre-Neveu afin de faciliter l&#8217;entr\u00e9e des classes en remettant \u00e0 certaines familles du mat\u00e9riel scolaire et des bons d&#8217;achats ;<\/li>\n\n\n\n<li>D\u00e9but de la distribution de d\u00eeners congel\u00e9s dans les \u00e9coles ;<\/li>\n\n\n\n<li>D\u00e9but du soutien alimentaire pour les r\u00e9sidences de la Polyvalente St-Joseph ;<\/li>\n\n\n\n<li><em>Cr\u00e9ation d&#8217;un m\u00e9moire sur la s\u00e9curit\u00e9 alimentaire<\/em>. Il s&#8217;agit d&#8217;un document de r\u00e9f\u00e9rence utile pour les partenaires.<\/li>\n<\/ul>\n\n\n\n<hr class=\"wp-block-separator has-alpha-channel-opacity\"\/>\n\n\n\n<h3 class=\"wp-block-heading\">2008<\/h3>\n\n\n\n<ul class=\"wp-block-list\">\n<li>Entente de service avec Carrefour Jeunesse emploi\u202f; soutien au travail de rue par la remise de coupons ;<\/li>\n\n\n\n<li>Mise en place d&#8217;une Table de concertation en s\u00e9curit\u00e9 alimentaire.<\/li>\n<\/ul>\n\n\n\n<hr class=\"wp-block-separator has-alpha-channel-opacity\"\/>\n\n\n\n<h3 class=\"wp-block-heading\">2009<\/h3>\n\n\n\n<ul class=\"wp-block-list\">\n<li>Le projet \u00ab&nbsp;Compostage&nbsp;\u00bb est d\u00e9but\u00e9 en collaboration avec la R\u00e9gie Intermunicipale des d\u00e9chets de la Li\u00e8vres ;<\/li>\n\n\n\n<li>Manne du jour est porte-parole de la Table en s\u00e9curit\u00e9 Alimentaire et supporte la t\u00e2che du charg\u00e9 de projet.<\/li>\n<\/ul>\n\n\n\n<hr class=\"wp-block-separator has-alpha-channel-opacity\"\/>\n\n\n\n<h3 class=\"wp-block-heading\">2010<\/h3>\n\n\n\n<ul class=\"wp-block-list\">\n<li>L&#8217;organisme est form\u00e9 selon les r\u00e8gles du MAPAQ ;<\/li>\n\n\n\n<li>Soutien \u00e0 deux organismes communautaires de la r\u00e9gion des Laurentides en leur remettant le fichier \u00ab <em>gestion de client\u00e8le<\/em> \u00bb.<\/li>\n<\/ul>\n\n\n\n<hr class=\"wp-block-separator has-alpha-channel-opacity\"\/>\n\n\n\n<h3 class=\"wp-block-heading\">2011<\/h3>\n\n\n\n<ul class=\"wp-block-list\">\n<li>La Manne du Jour passe au feu. Il s&#8217;agit d&#8217;une perte totale ;<\/li>\n\n\n\n<li>Tournage d&#8217;une Capsule du Qu\u00e9bec en forme \u00e0 la r\u00e9sidence des gar\u00e7ons ;<\/li>\n\n\n\n<li>D\u00e9but d&#8217;un partenariat avec Zone Emploi\u202f; programme pr\u00e9paratoire \u00e0 l&#8217;emploi.<\/li>\n<\/ul>\n\n\n\n<hr class=\"wp-block-separator has-alpha-channel-opacity\"\/>\n\n\n\n<h3 class=\"wp-block-heading\">2012<\/h3>\n\n\n\n<ul class=\"wp-block-list\">\n<li>D\u00e9but de la reconstruction et entr\u00e9e dans la nouvelle Manne du Jour\u202f;<\/li>\n\n\n\n<li>Cr\u00e9ation d&#8217;un manuel d&#8217;employ\u00e9 ;<\/li>\n\n\n\n<li>Partenariat avec la compagnie Phil tex.<\/li>\n<\/ul>\n\n\n\n<hr class=\"wp-block-separator has-alpha-channel-opacity\"\/>\n\n\n\n<h3 class=\"wp-block-heading\">2013<\/h3>\n\n\n\n<ul class=\"wp-block-list\">\n<li>Porte ouverte pour la visite de nos locaux ;<\/li>\n\n\n\n<li>Pr\u00e9sentation de l&#8217;organisme au Canal Vox ;<\/li>\n\n\n\n<li>D\u00e9but d&#8217;un partenariat avec les agents de la faune ;<\/li>\n\n\n\n<li>D\u00e9but d&#8217;une collaboration avec le Centre d&#8217;Action B\u00e9n\u00e9vole de la Rouge ;<\/li>\n<\/ul>\n\n\n\n<hr class=\"wp-block-separator has-alpha-channel-opacity\"\/>\n\n\n\n<h3 class=\"wp-block-heading\">2016<\/h3>\n\n\n\n<ul class=\"wp-block-list\">\n<li>Fermeture du comptoir alimentaire de Nominingue ;<\/li>\n\n\n\n<li>D\u00e9but de la nouvelle route de distribution avec quatre points de chute dans le secteur de Rivi\u00e8re-Rouge.<\/li>\n<\/ul>\n\n\n\n<hr class=\"wp-block-separator has-alpha-channel-opacity\"\/>\n\n\n\n<h3 class=\"wp-block-heading\">2021<\/h3>\n\n\n\n<p>D\u00e9but du partenariat avec La maison de la famille de Notre-Dame-Du-Laus.<\/p>\n\n\n\n<hr class=\"wp-block-separator has-alpha-channel-opacity\"\/>\n\n\n\n<h3 class=\"wp-block-heading\">2022<\/h3>\n\n\n\n<p>D\u00e9but du projet de la Balade Alimentaire avec 5 nouveaux point de chute dans le secteur de la li\u00e8vre sud.\u200b<\/p>\n<\/div>\n<\/div>\n","protected":false},"excerpt":{"rendered":"<p>1995 Cr\u00e9ation de la&nbsp;Manne du Jour pour soutenir la client\u00e8le d\u00e9favoris\u00e9 du territoire de la MRC d&#8217;Antoine-Labelle en offrant une aide alimentaire directe. 1996 1997 1999 Mise en place de la Boutik. 2000 2001 2002 Mise en place de d\u00e9gustations lors de la distribution des paniers. 2003 Mise en place de d\u00e9gustations lors de la&hellip;&nbsp;<a href=\"https:\/\/mannedujour.ca\/?page_id=368\" class=\"\" rel=\"bookmark\">Read More &raquo;<span class=\"screen-reader-text\">D\u00e9veloppement des services<\/span><\/a><\/p>\n","protected":false},"author":2,"featured_media":0,"parent":0,"menu_order":0,"comment_status":"closed","ping_status":"closed","template":"","meta":{"neve_meta_sidebar":"","neve_meta_container":"","neve_meta_enable_content_width":"","neve_meta_content_width":0,"neve_meta_title_alignment":"","neve_meta_author_avatar":"","neve_post_elements_order":"","neve_meta_disable_header":"","neve_meta_disable_footer":"","neve_meta_disable_title":"on","footnotes":""},"class_list":["post-368","page","type-page","status-publish","hentry"],"_links":{"self":[{"href":"https:\/\/mannedujour.ca\/index.php?rest_route=\/wp\/v2\/pages\/368","targetHints":{"allow":["GET"]}}],"collection":[{"href":"https:\/\/mannedujour.ca\/index.php?rest_route=\/wp\/v2\/pages"}],"about":[{"href":"https:\/\/mannedujour.ca\/index.php?rest_route=\/wp\/v2\/types\/page"}],"author":[{"embeddable":true,"href":"https:\/\/mannedujour.ca\/index.php?rest_route=\/wp\/v2\/users\/2"}],"replies":[{"embeddable":true,"href":"https:\/\/mannedujour.ca\/index.php?rest_route=%2Fwp%2Fv2%2Fcomments&post=368"}],"version-history":[{"count":8,"href":"https:\/\/mannedujour.ca\/index.php?rest_route=\/wp\/v2\/pages\/368\/revisions"}],"predecessor-version":[{"id":661,"href":"https:\/\/mannedujour.ca\/index.php?rest_route=\/wp\/v2\/pages\/368\/revisions\/661"}],"wp:attachment":[{"href":"https:\/\/mannedujour.ca\/index.php?rest_route=%2Fwp%2Fv2%2Fmedia&parent=368"}],"curies":[{"name":"wp","href":"https:\/\/api.w.org\/{rel}","templated":true}]}}