{"id":369,"date":"2024-05-01T14:10:16","date_gmt":"2024-05-01T14:10:16","guid":{"rendered":"http:\/\/mannedujour.ca\/?page_id=369"},"modified":"2024-06-14T02:25:53","modified_gmt":"2024-06-14T02:25:53","slug":"soutien-implication-partenariat","status":"publish","type":"page","link":"https:\/\/mannedujour.ca\/?page_id=369","title":{"rendered":"Soutien, implication, partenariat"},"content":{"rendered":"\n<div class=\"wp-block-cover alignfull\"><span aria-hidden=\"true\" class=\"wp-block-cover__background has-background-dim-20 has-background-dim\" style=\"background-color:#7d7c72\"><\/span><img loading=\"lazy\" decoding=\"async\" width=\"2000\" height=\"1331\" class=\"wp-block-cover__image-background wp-image-641\" alt=\"\" src=\"http:\/\/mannedujour.ca\/wp-content\/uploads\/2024\/06\/Banner_Top.jpg\" style=\"object-position:48% 21%\" data-object-fit=\"cover\" data-object-position=\"48% 21%\" srcset=\"https:\/\/mannedujour.ca\/wp-content\/uploads\/2024\/06\/Banner_Top.jpg 2000w, https:\/\/mannedujour.ca\/wp-content\/uploads\/2024\/06\/Banner_Top-300x200.jpg 300w, https:\/\/mannedujour.ca\/wp-content\/uploads\/2024\/06\/Banner_Top-1024x681.jpg 1024w, https:\/\/mannedujour.ca\/wp-content\/uploads\/2024\/06\/Banner_Top-768x511.jpg 768w, https:\/\/mannedujour.ca\/wp-content\/uploads\/2024\/06\/Banner_Top-1536x1022.jpg 1536w, https:\/\/mannedujour.ca\/wp-content\/uploads\/2024\/06\/Banner_Top-930x620.jpg 930w\" sizes=\"auto, (max-width: 2000px) 100vw, 2000px\" \/><div class=\"wp-block-cover__inner-container is-layout-constrained wp-block-cover-is-layout-constrained\">\n<p class=\"has-text-align-center has-nv-site-bg-color has-text-color has-link-color has-x-large-font-size wp-elements-3c71203a1d52093a2d0839b9a02b6ac8\">SOUTIEN, IMPLICATION et PARTENARIAT<\/p>\n<\/div><\/div>\n\n\n\n<div style=\"height:50px\" aria-hidden=\"true\" class=\"wp-block-spacer\"><\/div>\n\n\n\n<ul class=\"wp-block-list\">\n<li>Soutien et dirige l\u2019implantation de 3 comptoirs alimentaires&nbsp;<em>(Ferme-Neuve, Maniwaki et Val D\u2019or)<\/em> et d\u2019un jardin&nbsp;communautaire ;<\/li>\n\n\n\n<li>Membre du Conseil&nbsp;d\u2019administration de Moisson Laurentides de&nbsp;2000 \u00e0 2003 et de 2008 \u00e0 2013 ;<\/li>\n\n\n\n<li>Membre de AQBAM <em>(Association Qu\u00e9b\u00e9coise des Banques Alimentaires&nbsp;et des Moissons) ;<\/em><\/li>\n\n\n\n<li>Membre de ACBA<em> (Association Canadienne des Banques Alimentaires) ;<\/em><\/li>\n\n\n\n<li>Membre du ROCL<em> (Regroupement des organismes communautaires des Laurentides) ;<\/em>\u200b<\/li>\n\n\n\n<li>Contribue \u00e0 la mise en place de la Table locale en s\u00e9curit\u00e9 alimentaire et en est Membre ;<\/li>\n\n\n\n<li>Est L\u2019UN DES p\u00f4les en s\u00e9curit\u00e9 alimentaire&nbsp;r\u00e9gional.<\/li>\n<\/ul>\n","protected":false},"excerpt":{"rendered":"","protected":false},"author":2,"featured_media":0,"parent":0,"menu_order":0,"comment_status":"closed","ping_status":"closed","template":"","meta":{"neve_meta_sidebar":"","neve_meta_container":"","neve_meta_enable_content_width":"","neve_meta_content_width":0,"neve_meta_title_alignment":"","neve_meta_author_avatar":"","neve_post_elements_order":"","neve_meta_disable_header":"","neve_meta_disable_footer":"","neve_meta_disable_title":"on","footnotes":""},"class_list":["post-369","page","type-page","status-publish","hentry"],"_links":{"self":[{"href":"https:\/\/mannedujour.ca\/index.php?rest_route=\/wp\/v2\/pages\/369","targetHints":{"allow":["GET"]}}],"collection":[{"href":"https:\/\/mannedujour.ca\/index.php?rest_route=\/wp\/v2\/pages"}],"about":[{"href":"https:\/\/mannedujour.ca\/index.php?rest_route=\/wp\/v2\/types\/page"}],"author":[{"embeddable":true,"href":"https:\/\/mannedujour.ca\/index.php?rest_route=\/wp\/v2\/users\/2"}],"replies":[{"embeddable":true,"href":"https:\/\/mannedujour.ca\/index.php?rest_route=%2Fwp%2Fv2%2Fcomments&post=369"}],"version-history":[{"count":5,"href":"https:\/\/mannedujour.ca\/index.php?rest_route=\/wp\/v2\/pages\/369\/revisions"}],"predecessor-version":[{"id":666,"href":"https:\/\/mannedujour.ca\/index.php?rest_route=\/wp\/v2\/pages\/369\/revisions\/666"}],"wp:attachment":[{"href":"https:\/\/mannedujour.ca\/index.php?rest_route=%2Fwp%2Fv2%2Fmedia&parent=369"}],"curies":[{"name":"wp","href":"https:\/\/api.w.org\/{rel}","templated":true}]}}