{"id":370,"date":"2024-05-01T14:10:16","date_gmt":"2024-05-01T14:10:16","guid":{"rendered":"http:\/\/mannedujour.ca\/?page_id=370"},"modified":"2024-06-14T02:28:30","modified_gmt":"2024-06-14T02:28:30","slug":"reconnaissances","status":"publish","type":"page","link":"https:\/\/mannedujour.ca\/?page_id=370","title":{"rendered":"Reconnaissances"},"content":{"rendered":"\n<div class=\"wp-block-cover alignfull\"><span aria-hidden=\"true\" class=\"wp-block-cover__background has-background-dim-20 has-background-dim\" style=\"background-color:#7d7c72\"><\/span><img loading=\"lazy\" decoding=\"async\" width=\"2000\" height=\"1331\" class=\"wp-block-cover__image-background wp-image-641\" alt=\"\" src=\"http:\/\/mannedujour.ca\/wp-content\/uploads\/2024\/06\/Banner_Top.jpg\" style=\"object-position:48% 21%\" data-object-fit=\"cover\" data-object-position=\"48% 21%\" srcset=\"https:\/\/mannedujour.ca\/wp-content\/uploads\/2024\/06\/Banner_Top.jpg 2000w, https:\/\/mannedujour.ca\/wp-content\/uploads\/2024\/06\/Banner_Top-300x200.jpg 300w, https:\/\/mannedujour.ca\/wp-content\/uploads\/2024\/06\/Banner_Top-1024x681.jpg 1024w, https:\/\/mannedujour.ca\/wp-content\/uploads\/2024\/06\/Banner_Top-768x511.jpg 768w, https:\/\/mannedujour.ca\/wp-content\/uploads\/2024\/06\/Banner_Top-1536x1022.jpg 1536w, https:\/\/mannedujour.ca\/wp-content\/uploads\/2024\/06\/Banner_Top-930x620.jpg 930w\" sizes=\"auto, (max-width: 2000px) 100vw, 2000px\" \/><div class=\"wp-block-cover__inner-container is-layout-constrained wp-block-cover-is-layout-constrained\">\n<p class=\"has-text-align-center has-nv-site-bg-color has-text-color has-link-color has-x-large-font-size wp-elements-f7f62ed124e7eb649c3eb503a4d05401\">RECONNAISSANCES<\/p>\n<\/div><\/div>\n\n\n\n<div style=\"height:50px\" aria-hidden=\"true\" class=\"wp-block-spacer\"><\/div>\n\n\n\n<div class=\"wp-block-columns is-layout-flex wp-container-core-columns-is-layout-9d6595d7 wp-block-columns-is-layout-flex\">\n<div class=\"wp-block-column is-layout-flow wp-block-column-is-layout-flow\">\n<h3 class=\"wp-block-heading\">1996<\/h3>\n\n\n\n<ul class=\"wp-block-list\">\n<li>Honor\u00e9e par la Chambre de Commerce de Mont-Laurier pour la qualit\u00e9&nbsp;des services offerts.<\/li>\n<\/ul>\n\n\n\n<hr class=\"wp-block-separator has-alpha-channel-opacity\"\/>\n\n\n\n<h3 class=\"wp-block-heading\">2005<\/h3>\n\n\n\n<ul class=\"wp-block-list\">\n<li>Reconnaissance Pan-Canadienne \u00e0 travers 680 organismes dont 150 organismes similaires \u00e0 sa vocation, \u00e0 travers le Canada. Elle a \u00e9t\u00e9 reconnue comme l&#8217;un des organismes s&#8217;\u00e9tant le plus d\u00e9marqu\u00e9 dans sa cat\u00e9gorie ayant \u00e9t\u00e9 choisi pour l&#8217;excellence des services rendus \u00e0 la communaut\u00e9 et ayant re\u00e7u une marque d&#8217;excellence dans l&#8217;administration des programmes offerts.<\/li>\n<\/ul>\n\n\n\n<hr class=\"wp-block-separator has-alpha-channel-opacity\"\/>\n\n\n\n<h3 class=\"wp-block-heading\">2007<\/h3>\n\n\n\n<ul class=\"wp-block-list\">\n<li>Participe \u00e0 l\u2019\u00e9mission \u00abDonner au suivant\u00bb.<\/li>\n<\/ul>\n\n\n\n<hr class=\"wp-block-separator has-alpha-channel-opacity\"\/>\n\n\n\n<h3 class=\"wp-block-heading\">2008<\/h3>\n\n\n\n<ul class=\"wp-block-list\">\n<li>\u00abMotion de F\u00e9licitation\u00bb&nbsp;, en provenance de la Commission scolaire Pierre Neveu, et&nbsp;remise d&#8217;un porte&nbsp;document pour la &nbsp;fabrication et la livraison gratuite de collations depuis plus de 10 ans.<\/li>\n\n\n\n<li>Nominingue: Reconnaissance personnelle; B\u00e9n\u00e9vole de l\u2019ann\u00e9e.<\/li>\n\n\n\n<li>Reconnaissance municipale Mont-Laurier, reconnaissance DE LA DIRECTRICE comme b\u00e9n\u00e9vole.<\/li>\n\n\n\n<li>Reconnaissance municipale Mont-Laurier, Manne du Jour reconnu <strong><em>\u00abOrganisme de l&#8217;ann\u00e9e\u00bb<\/em><\/strong>.<\/li>\n<\/ul>\n\n\n\n<hr class=\"wp-block-separator has-alpha-channel-opacity\"\/>\n\n\n\n<h3 class=\"wp-block-heading\">2009<\/h3>\n\n\n\n<ul class=\"wp-block-list\">\n<li>Les cuisines collectives \u00e0 la R\u00e9sidence des gar\u00e7ons, cit\u00e9e en exemple dans la revue Reader\u2019s Digest .<\/li>\n\n\n\n<li>Mention&nbsp; d\u2019honneur de Qu\u00e9bec en forme.<br><em>\u00ab&nbsp;Meilleur coup dans l\u2019effet d\u2019entra\u00eenement et la mobilisation des<br>adolescents de la Polyvalente&nbsp;\u00bb.<\/em>&nbsp;<br>Celui-ci a, de plus \u00e9t\u00e9 cit\u00e9e en exemple dans leur rapport annuel&nbsp; 2009-2010 &nbsp;en&nbsp; 2010.<\/li>\n\n\n\n<li>Nomination Reconnaissance Pan-Canadienne. honor\u00e9e par Donner Canadian Foundation Awards, mention r\u00e9currente depuis 2005.<\/li>\n<\/ul>\n<\/div>\n\n\n\n<div class=\"wp-block-column is-layout-flow wp-block-column-is-layout-flow\">\n<h3 class=\"wp-block-heading\">2010<\/h3>\n\n\n\n<ul class=\"wp-block-list\">\n<li>Reconnaissance Pan-Canadienne.<\/li>\n\n\n\n<li>&nbsp;L&#8217;organisme se retrouve dans les <strong><em>dix premiers <\/em><\/strong>de sa cat\u00e9gorie \u00e0 l&#8217;\u00e9chelle canadienne.<\/li>\n<\/ul>\n\n\n\n<hr class=\"wp-block-separator has-alpha-channel-opacity\"\/>\n\n\n\n<h3 class=\"wp-block-heading\">2011<\/h3>\n\n\n\n<ul class=\"wp-block-list\">\n<li>Participe au vid\u00e9o Qu\u00e9bec en forme \u00e0 la r\u00e9sidence des&nbsp;gar\u00e7ons de la Polyvalente St-Joseph.<\/li>\n\n\n\n<li>Nomination pour une reconnaissance Pan-Canadienne. L&#8217;organisme maintient sa cote de 8.4 sur une \u00e9chelle se situant entre 3 et 8.9.<\/li>\n\n\n\n<li>LA DIRECTRICE Honor\u00e9e comme b\u00e9n\u00e9vole de l\u2019ann\u00e9e par les Lauriermontoises<\/li>\n<\/ul>\n\n\n\n<hr class=\"wp-block-separator has-alpha-channel-opacity\"\/>\n\n\n\n<h3 class=\"wp-block-heading\">2013<\/h3>\n\n\n\n<ul class=\"wp-block-list\">\n<li>Reconnaissance Pan-Canadienne, honor\u00e9e par Donner Canadian Foundation Awards, L\u2019ORGANISME EST FINALISTE, IL SE RETROUVE PARMI&nbsp;LES TROIS&nbsp; PREMIER AU CANADA.<\/li>\n<\/ul>\n\n\n\n<hr class=\"wp-block-separator has-alpha-channel-opacity\"\/>\n\n\n\n<h3 class=\"wp-block-heading\">2014<\/h3>\n\n\n\n<ul class=\"wp-block-list\">\n<li>Mention de F\u00e9licitation en provenance du CSSS d&#8217;Antoine-Labelle<\/li>\n<\/ul>\n\n\n\n<hr class=\"wp-block-separator has-alpha-channel-opacity\"\/>\n\n\n\n<h3 class=\"wp-block-heading\">2015<\/h3>\n\n\n\n<ul class=\"wp-block-list\">\n<li>Gala de la ruralit\u00e9 r\u00e9cipiendaire dans la cat\u00e9gorie<strong>&nbsp;&#8220;<\/strong><em><strong>Organismes Communautaires&#8221;<\/strong><\/em>&nbsp;de 2007-2014<\/li>\n<\/ul>\n\n\n\n<hr class=\"wp-block-separator has-alpha-channel-opacity\"\/>\n\n\n\n<h3 class=\"wp-block-heading\">2018<\/h3>\n\n\n\n<ul class=\"wp-block-list\">\n<li>Pr\u00e9sidente au CA de la table en s\u00e9curit\u00e9 alimentaire et repr\u00e9sentante \u00e0 l\u2019assembl\u00e9e nationale pour la remise du prix hommage-b\u00e9n\u00e9vole.<\/li>\n<\/ul>\n<\/div>\n<\/div>\n","protected":false},"excerpt":{"rendered":"<p>1996 2005 2007 2008 2009 2010 2011 2013 2014 2015 2018<\/p>\n","protected":false},"author":2,"featured_media":0,"parent":0,"menu_order":0,"comment_status":"closed","ping_status":"closed","template":"","meta":{"neve_meta_sidebar":"","neve_meta_container":"","neve_meta_enable_content_width":"","neve_meta_content_width":0,"neve_meta_title_alignment":"","neve_meta_author_avatar":"","neve_post_elements_order":"","neve_meta_disable_header":"","neve_meta_disable_footer":"","neve_meta_disable_title":"on","footnotes":""},"class_list":["post-370","page","type-page","status-publish","hentry"],"_links":{"self":[{"href":"https:\/\/mannedujour.ca\/index.php?rest_route=\/wp\/v2\/pages\/370","targetHints":{"allow":["GET"]}}],"collection":[{"href":"https:\/\/mannedujour.ca\/index.php?rest_route=\/wp\/v2\/pages"}],"about":[{"href":"https:\/\/mannedujour.ca\/index.php?rest_route=\/wp\/v2\/types\/page"}],"author":[{"embeddable":true,"href":"https:\/\/mannedujour.ca\/index.php?rest_route=\/wp\/v2\/users\/2"}],"replies":[{"embeddable":true,"href":"https:\/\/mannedujour.ca\/index.php?rest_route=%2Fwp%2Fv2%2Fcomments&post=370"}],"version-history":[{"count":6,"href":"https:\/\/mannedujour.ca\/index.php?rest_route=\/wp\/v2\/pages\/370\/revisions"}],"predecessor-version":[{"id":670,"href":"https:\/\/mannedujour.ca\/index.php?rest_route=\/wp\/v2\/pages\/370\/revisions\/670"}],"wp:attachment":[{"href":"https:\/\/mannedujour.ca\/index.php?rest_route=%2Fwp%2Fv2%2Fmedia&parent=370"}],"curies":[{"name":"wp","href":"https:\/\/api.w.org\/{rel}","templated":true}]}}