{"id":371,"date":"2024-05-01T14:10:16","date_gmt":"2024-05-01T14:10:16","guid":{"rendered":"http:\/\/mannedujour.ca\/?page_id=371"},"modified":"2024-06-14T02:32:28","modified_gmt":"2024-06-14T02:32:28","slug":"bilan-annuel","status":"publish","type":"page","link":"https:\/\/mannedujour.ca\/?page_id=371","title":{"rendered":"Bilan annuel"},"content":{"rendered":"\n<div class=\"wp-block-cover alignfull\"><span aria-hidden=\"true\" class=\"wp-block-cover__background has-background-dim-20 has-background-dim\" style=\"background-color:#7d7c72\"><\/span><img loading=\"lazy\" decoding=\"async\" width=\"2000\" height=\"1331\" class=\"wp-block-cover__image-background wp-image-641\" alt=\"\" src=\"http:\/\/mannedujour.ca\/wp-content\/uploads\/2024\/06\/Banner_Top.jpg\" style=\"object-position:48% 21%\" data-object-fit=\"cover\" data-object-position=\"48% 21%\" srcset=\"https:\/\/mannedujour.ca\/wp-content\/uploads\/2024\/06\/Banner_Top.jpg 2000w, https:\/\/mannedujour.ca\/wp-content\/uploads\/2024\/06\/Banner_Top-300x200.jpg 300w, https:\/\/mannedujour.ca\/wp-content\/uploads\/2024\/06\/Banner_Top-1024x681.jpg 1024w, https:\/\/mannedujour.ca\/wp-content\/uploads\/2024\/06\/Banner_Top-768x511.jpg 768w, https:\/\/mannedujour.ca\/wp-content\/uploads\/2024\/06\/Banner_Top-1536x1022.jpg 1536w, https:\/\/mannedujour.ca\/wp-content\/uploads\/2024\/06\/Banner_Top-930x620.jpg 930w\" sizes=\"auto, (max-width: 2000px) 100vw, 2000px\" \/><div class=\"wp-block-cover__inner-container is-layout-constrained wp-block-cover-is-layout-constrained\">\n<p class=\"has-text-align-center has-nv-site-bg-color has-text-color has-link-color has-x-large-font-size wp-elements-08ac419a164e5883deb11f4a53814b9c\">BILAN ANNUEL<\/p>\n<\/div><\/div>\n\n\n\n<div style=\"height:50px\" aria-hidden=\"true\" class=\"wp-block-spacer\"><\/div>\n\n\n\n<h2 class=\"wp-block-heading has-text-align-center has-text-color has-link-color wp-elements-e82fa34045b92b9986210e982806847e\" style=\"color:#555b51\">EN 2022 MANNE DU JOUR A DESSERVI<\/h2>\n\n\n\n<ul class=\"wp-block-list\">\n<li>555 m\u00e9nages\u202f;<\/li>\n\n\n\n<li>993 personnes rejointes dont 216&nbsp;sont des enfants\u202f;<\/li>\n\n\n\n<li>9 118 paniers de provisions remis ;<\/li>\n\n\n\n<li>Plus de 36 472 sacs d&#8217;\u00e9picerie d&#8217;une valeur marchande de pr\u00e8s de 160$ ;<\/li>\n\n\n\n<li>195 m\u00e9nages sont desservis en moyenne&nbsp;chaque semaine ;<\/li>\n\n\n\n<li>27&nbsp;paniers de d\u00e9pannage remis ;<\/li>\n\n\n\n<li>156&nbsp;nouvelles inscriptions ;<\/li>\n\n\n\n<li>169 770 kilos de nourritures distribu\u00e9s,&nbsp;d&#8217;une valeur marchande de 1&nbsp; 458&nbsp;047$ ;<\/li>\n\n\n\n<li>13 municipalit\u00e9s rejointes.<\/li>\n<\/ul>\n\n\n\n<p class=\"has-text-align-center has-text-color has-link-color wp-elements-308ab530dfef078bbcd15ab5b682d713\" style=\"color:#8d2424\"><em>\ufeff\ufeffAfin d&#8217;effectuer tous ces projets, mis \u00e0 part le travail d\u00e9vou\u00e9 de 11 employ\u00e9s,<br>nous comptons aussi sur le soutien de la communaut\u00e9.\ufeff\ufeff<\/em><\/p>\n\n\n\n<hr class=\"wp-block-separator has-alpha-channel-opacity\"\/>\n\n\n\n<h2 class=\"wp-block-heading has-text-align-center has-text-color has-link-color wp-elements-72ece3f6aca24a6205e76709b95f54fa\" style=\"color:#555b51\">SOUTIEN TECHNIQUE<\/h2>\n\n\n\n<figure class=\"wp-block-table aligncenter\"><table><tbody><tr><td><strong>Travaux communautaires:<br>B\u00e9n\u00e9volat:<br>Insertion sociale:<\/strong><\/td><td class=\"has-text-align-left\" data-align=\"left\"><br><strong>468 heures effectu\u00e9es par 6 personnes<br>5 034 heures effectu\u00e9es par 53 personnes<br>1 920 heures effectu\u00e9es par 2 personnes<br>7 423&nbsp;heures totales effectu\u00e9es par 61 personnes<\/strong><\/td><\/tr><\/tbody><\/table><\/figure>\n\n\n\n<hr class=\"wp-block-separator has-alpha-channel-opacity\"\/>\n\n\n\n<div class=\"wp-block-columns is-layout-flex wp-container-core-columns-is-layout-9d6595d7 wp-block-columns-is-layout-flex\">\n<div class=\"wp-block-column is-layout-flow wp-block-column-is-layout-flow\">\n<div class=\"wp-block-file\"><a id=\"wp-block-file--media-5ce319a4-56e2-401c-b5be-7531ef6976a7\" href=\"http:\/\/mannedujour.ca\/wp-content\/uploads\/2024\/05\/2013_.pdf\" target=\"_blank\" rel=\"noreferrer noopener\">Bilan des Activit\u00e9s 2013<\/a><a href=\"http:\/\/mannedujour.ca\/wp-content\/uploads\/2024\/05\/2013_.pdf\" class=\"wp-block-file__button wp-element-button\" download aria-describedby=\"wp-block-file--media-5ce319a4-56e2-401c-b5be-7531ef6976a7\">T\u00e9l\u00e9charger<\/a><\/div>\n\n\n\n<div class=\"wp-block-file\"><a id=\"wp-block-file--media-91d4de2e-1902-4a08-bb0e-5dfea4f34fe6\" href=\"http:\/\/mannedujour.ca\/wp-content\/uploads\/2024\/05\/2014_final.pdf\" target=\"_blank\" rel=\"noreferrer noopener\">Bilan des Activit\u00e9s 2014<\/a><a href=\"http:\/\/mannedujour.ca\/wp-content\/uploads\/2024\/05\/2014_final.pdf\" class=\"wp-block-file__button wp-element-button\" download aria-describedby=\"wp-block-file--media-91d4de2e-1902-4a08-bb0e-5dfea4f34fe6\">T\u00e9l\u00e9charger<\/a><\/div>\n\n\n\n<div class=\"wp-block-file\"><a id=\"wp-block-file--media-6c28ebe4-1da2-41b1-9e08-8c5d42dd45e4\" href=\"http:\/\/mannedujour.ca\/wp-content\/uploads\/2024\/05\/2015_final.pdf\" target=\"_blank\" rel=\"noreferrer noopener\">Bilan des Activit\u00e9s 2015<\/a><a href=\"http:\/\/mannedujour.ca\/wp-content\/uploads\/2024\/05\/2015_final.pdf\" class=\"wp-block-file__button wp-element-button\" download aria-describedby=\"wp-block-file--media-6c28ebe4-1da2-41b1-9e08-8c5d42dd45e4\">T\u00e9l\u00e9charger<\/a><\/div>\n\n\n\n<div class=\"wp-block-file\"><a id=\"wp-block-file--media-9f877556-f1ce-4e77-813e-a29b8f6973bb\" href=\"http:\/\/mannedujour.ca\/wp-content\/uploads\/2024\/05\/2016_final.pdf\" target=\"_blank\" rel=\"noreferrer noopener\">Bilan des Activit\u00e9s 2016<\/a><a href=\"http:\/\/mannedujour.ca\/wp-content\/uploads\/2024\/05\/2016_final.pdf\" class=\"wp-block-file__button wp-element-button\" download aria-describedby=\"wp-block-file--media-9f877556-f1ce-4e77-813e-a29b8f6973bb\">T\u00e9l\u00e9charger<\/a><\/div>\n\n\n\n<div class=\"wp-block-file\"><a id=\"wp-block-file--media-af7e65a6-a6fe-4599-a6a2-31b9c5ae6d0d\" href=\"http:\/\/mannedujour.ca\/wp-content\/uploads\/2024\/05\/bilan_2017.pdf\" target=\"_blank\" rel=\"noreferrer noopener\">Bilan des Activit\u00e9s 2017<\/a><a href=\"http:\/\/mannedujour.ca\/wp-content\/uploads\/2024\/05\/bilan_2017.pdf\" class=\"wp-block-file__button wp-element-button\" download aria-describedby=\"wp-block-file--media-af7e65a6-a6fe-4599-a6a2-31b9c5ae6d0d\">T\u00e9l\u00e9charger<\/a><\/div>\n<\/div>\n\n\n\n<div class=\"wp-block-column is-layout-flow wp-block-column-is-layout-flow\">\n<div class=\"wp-block-file\"><a id=\"wp-block-file--media-461e38a3-c49a-4e3e-9f57-75ebf28969a5\" href=\"http:\/\/mannedujour.ca\/wp-content\/uploads\/2024\/05\/bilan_des_activites__2018.pdf\" target=\"_blank\" rel=\"noreferrer noopener\">Bilan des Activit\u00e9s 2018<\/a><a href=\"http:\/\/mannedujour.ca\/wp-content\/uploads\/2024\/05\/bilan_des_activites__2018.pdf\" class=\"wp-block-file__button wp-element-button\" download aria-describedby=\"wp-block-file--media-461e38a3-c49a-4e3e-9f57-75ebf28969a5\">T\u00e9l\u00e9charger<\/a><\/div>\n\n\n\n<div class=\"wp-block-file\"><a id=\"wp-block-file--media-ec0c66a4-c191-4d73-bd83-780f99ca3f65\" href=\"http:\/\/mannedujour.ca\/wp-content\/uploads\/2024\/05\/2019.pdf\" target=\"_blank\" rel=\"noreferrer noopener\">Bilan des Activit\u00e9s 2019<\/a><a href=\"http:\/\/mannedujour.ca\/wp-content\/uploads\/2024\/05\/2019.pdf\" class=\"wp-block-file__button wp-element-button\" download aria-describedby=\"wp-block-file--media-ec0c66a4-c191-4d73-bd83-780f99ca3f65\">T\u00e9l\u00e9charger<\/a><\/div>\n\n\n\n<div class=\"wp-block-file\"><a id=\"wp-block-file--media-9b4676b0-33c0-4c38-a690-520d55020541\" href=\"http:\/\/mannedujour.ca\/wp-content\/uploads\/2024\/05\/bilan_dactivite_2020.pdf\" target=\"_blank\" rel=\"noreferrer noopener\">Bilan des Activit\u00e9s 2020<\/a><a href=\"http:\/\/mannedujour.ca\/wp-content\/uploads\/2024\/05\/bilan_dactivite_2020.pdf\" class=\"wp-block-file__button wp-element-button\" download aria-describedby=\"wp-block-file--media-9b4676b0-33c0-4c38-a690-520d55020541\">T\u00e9l\u00e9charger<\/a><\/div>\n\n\n\n<div class=\"wp-block-file\"><a id=\"wp-block-file--media-edc99eb9-261a-42f5-abfd-0a6d7a88b447\" href=\"http:\/\/mannedujour.ca\/wp-content\/uploads\/2024\/05\/2021.pdf\" target=\"_blank\" rel=\"noreferrer noopener\">Bilan des Activit\u00e9s 2021<\/a><a href=\"http:\/\/mannedujour.ca\/wp-content\/uploads\/2024\/05\/2021.pdf\" class=\"wp-block-file__button wp-element-button\" download aria-describedby=\"wp-block-file--media-edc99eb9-261a-42f5-abfd-0a6d7a88b447\">T\u00e9l\u00e9charger<\/a><\/div>\n\n\n\n<div class=\"wp-block-file\"><a id=\"wp-block-file--media-69146a82-e4f0-4d46-bdb5-a14aa1e0fb3f\" href=\"http:\/\/mannedujour.ca\/wp-content\/uploads\/2024\/05\/2022.pdf\" target=\"_blank\" rel=\"noreferrer noopener\">Bilan des Activit\u00e9s 2022<\/a><a href=\"http:\/\/mannedujour.ca\/wp-content\/uploads\/2024\/05\/2022.pdf\" class=\"wp-block-file__button wp-element-button\" download aria-describedby=\"wp-block-file--media-69146a82-e4f0-4d46-bdb5-a14aa1e0fb3f\">T\u00e9l\u00e9charger<\/a><\/div>\n<\/div>\n<\/div>\n","protected":false},"excerpt":{"rendered":"<p>EN 2022 MANNE DU JOUR A DESSERVI \ufeff\ufeffAfin d&#8217;effectuer tous ces projets, mis \u00e0 part le travail d\u00e9vou\u00e9 de 11 employ\u00e9s,nous comptons aussi sur le soutien de la communaut\u00e9.\ufeff\ufeff SOUTIEN TECHNIQUE Travaux communautaires:B\u00e9n\u00e9volat:Insertion sociale: 468 heures effectu\u00e9es par 6 personnes5 034 heures effectu\u00e9es par 53 personnes1 920 heures effectu\u00e9es par 2 personnes7 423&nbsp;heures totales effectu\u00e9es&hellip;&nbsp;<a href=\"https:\/\/mannedujour.ca\/?page_id=371\" class=\"\" rel=\"bookmark\">Read More &raquo;<span class=\"screen-reader-text\">Bilan annuel<\/span><\/a><\/p>\n","protected":false},"author":2,"featured_media":0,"parent":0,"menu_order":0,"comment_status":"closed","ping_status":"closed","template":"","meta":{"neve_meta_sidebar":"","neve_meta_container":"","neve_meta_enable_content_width":"","neve_meta_content_width":0,"neve_meta_title_alignment":"","neve_meta_author_avatar":"","neve_post_elements_order":"","neve_meta_disable_header":"","neve_meta_disable_footer":"","neve_meta_disable_title":"on","footnotes":""},"class_list":["post-371","page","type-page","status-publish","hentry"],"_links":{"self":[{"href":"https:\/\/mannedujour.ca\/index.php?rest_route=\/wp\/v2\/pages\/371","targetHints":{"allow":["GET"]}}],"collection":[{"href":"https:\/\/mannedujour.ca\/index.php?rest_route=\/wp\/v2\/pages"}],"about":[{"href":"https:\/\/mannedujour.ca\/index.php?rest_route=\/wp\/v2\/types\/page"}],"author":[{"embeddable":true,"href":"https:\/\/mannedujour.ca\/index.php?rest_route=\/wp\/v2\/users\/2"}],"replies":[{"embeddable":true,"href":"https:\/\/mannedujour.ca\/index.php?rest_route=%2Fwp%2Fv2%2Fcomments&post=371"}],"version-history":[{"count":7,"href":"https:\/\/mannedujour.ca\/index.php?rest_route=\/wp\/v2\/pages\/371\/revisions"}],"predecessor-version":[{"id":673,"href":"https:\/\/mannedujour.ca\/index.php?rest_route=\/wp\/v2\/pages\/371\/revisions\/673"}],"wp:attachment":[{"href":"https:\/\/mannedujour.ca\/index.php?rest_route=%2Fwp%2Fv2%2Fmedia&parent=371"}],"curies":[{"name":"wp","href":"https:\/\/api.w.org\/{rel}","templated":true}]}}