{"id":372,"date":"2024-05-01T14:10:16","date_gmt":"2024-05-01T14:10:16","guid":{"rendered":"http:\/\/mannedujour.ca\/?page_id=372"},"modified":"2024-06-14T02:34:02","modified_gmt":"2024-06-14T02:34:02","slug":"conseil-dadministration","status":"publish","type":"page","link":"https:\/\/mannedujour.ca\/?page_id=372","title":{"rendered":"Conseil d&#8217;administration"},"content":{"rendered":"\n<div class=\"wp-block-cover alignfull\"><span aria-hidden=\"true\" class=\"wp-block-cover__background has-background-dim-20 has-background-dim\" style=\"background-color:#7d7c72\"><\/span><img loading=\"lazy\" decoding=\"async\" width=\"2000\" height=\"1331\" class=\"wp-block-cover__image-background wp-image-641\" alt=\"\" src=\"http:\/\/mannedujour.ca\/wp-content\/uploads\/2024\/06\/Banner_Top.jpg\" style=\"object-position:48% 21%\" data-object-fit=\"cover\" data-object-position=\"48% 21%\" srcset=\"https:\/\/mannedujour.ca\/wp-content\/uploads\/2024\/06\/Banner_Top.jpg 2000w, https:\/\/mannedujour.ca\/wp-content\/uploads\/2024\/06\/Banner_Top-300x200.jpg 300w, https:\/\/mannedujour.ca\/wp-content\/uploads\/2024\/06\/Banner_Top-1024x681.jpg 1024w, https:\/\/mannedujour.ca\/wp-content\/uploads\/2024\/06\/Banner_Top-768x511.jpg 768w, https:\/\/mannedujour.ca\/wp-content\/uploads\/2024\/06\/Banner_Top-1536x1022.jpg 1536w, https:\/\/mannedujour.ca\/wp-content\/uploads\/2024\/06\/Banner_Top-930x620.jpg 930w\" sizes=\"auto, (max-width: 2000px) 100vw, 2000px\" \/><div class=\"wp-block-cover__inner-container is-layout-constrained wp-block-cover-is-layout-constrained\">\n<p class=\"has-text-align-center has-nv-site-bg-color has-text-color has-link-color has-x-large-font-size wp-elements-6d12e2bd7d70d0381074287cfe052519\">CONSEIL D&#8217;ADMINISTRATION<\/p>\n<\/div><\/div>\n\n\n\n<div style=\"height:50px\" aria-hidden=\"true\" class=\"wp-block-spacer\"><\/div>\n\n\n\n<p class=\"has-text-align-center\">Le conseil d&#8217;administration est compos\u00e9 de 7 membres de la collectivit\u00e9.<br>En plus de partager la mission, la vis\u00e9e, les valeurs, les objectifs et les principes de l&#8217;organisme,<br>il s&#8217;assure que la Manne du Jour poursuit ses mandats. Il soutient le directeur g\u00e9n\u00e9ral dans son r\u00f4le de dirigeant,<br>apporte ses r\u00e9flexions et \u00e9tablit les strat\u00e9gies qu&#8217;adoptera l&#8217;organisme.<br>Les membres du conseil d&#8217;administration sont des atouts, ils mettent \u00e0 contribution leurs connaissances<br>et habilet\u00e9s au profit de l&#8217;organisme dans le but de son \u00e9panouissement.<\/p>\n\n\n\n<hr class=\"wp-block-separator has-alpha-channel-opacity\"\/>\n\n\n\n<div class=\"wp-block-columns is-layout-flex wp-container-core-columns-is-layout-9d6595d7 wp-block-columns-is-layout-flex\">\n<div class=\"wp-block-column is-layout-flow wp-block-column-is-layout-flow\">\n<h3 class=\"wp-block-heading has-text-align-center\">CLAUDE OUELLETTE<\/h3>\n\n\n\n<p class=\"has-text-align-center\">Pr\u00e9sident<\/p>\n<\/div>\n\n\n\n<div class=\"wp-block-column is-layout-flow wp-block-column-is-layout-flow\">\n<h3 class=\"wp-block-heading has-text-align-center\">FRAN\u00c7OIS CARTIER<\/h3>\n\n\n\n<p class=\"has-text-align-center\">Vice-Pr\u00e9sident<\/p>\n<\/div>\n\n\n\n<div class=\"wp-block-column is-layout-flow wp-block-column-is-layout-flow\">\n<h3 class=\"wp-block-heading has-text-align-center\">LINDA COUSINEAU<\/h3>\n\n\n\n<p class=\"has-text-align-center\">Secr\u00e9taire-Tr\u00e9sori\u00e8re<\/p>\n<\/div>\n<\/div>\n\n\n\n<div class=\"wp-block-columns is-layout-flex wp-container-core-columns-is-layout-9d6595d7 wp-block-columns-is-layout-flex\">\n<div class=\"wp-block-column is-layout-flow wp-block-column-is-layout-flow\">\n<div class=\"wp-block-columns is-layout-flex wp-container-core-columns-is-layout-9d6595d7 wp-block-columns-is-layout-flex\">\n<div class=\"wp-block-column is-layout-flow wp-block-column-is-layout-flow\">\n<h3 class=\"wp-block-heading has-text-align-center\">LINDA DESJARDINS<\/h3>\n\n\n\n<p class=\"has-text-align-center\">Administrateur<\/p>\n<\/div>\n\n\n\n<div class=\"wp-block-column is-layout-flow wp-block-column-is-layout-flow\">\n<h3 class=\"wp-block-heading has-text-align-center\">NANCY BLAKE<\/h3>\n\n\n\n<p class=\"has-text-align-center\">Administratrice<\/p>\n<\/div>\n<\/div>\n<\/div>\n\n\n\n<div class=\"wp-block-column is-layout-flow wp-block-column-is-layout-flow\">\n<div class=\"wp-block-columns is-layout-flex wp-container-core-columns-is-layout-9d6595d7 wp-block-columns-is-layout-flex\">\n<div class=\"wp-block-column is-layout-flow wp-block-column-is-layout-flow\">\n<h3 class=\"wp-block-heading has-text-align-center\">ALEXANDRE LABELLE<\/h3>\n\n\n\n<p class=\"has-text-align-center\">Administrateur<\/p>\n<\/div>\n\n\n\n<div class=\"wp-block-column is-layout-flow wp-block-column-is-layout-flow\">\n<h3 class=\"wp-block-heading has-text-align-center\">SIMON ALLAIRE FORGET<\/h3>\n\n\n\n<p class=\"has-text-align-center\">Administrateur<\/p>\n<\/div>\n<\/div>\n<\/div>\n<\/div>\n","protected":false},"excerpt":{"rendered":"<p>Le conseil d&#8217;administration est compos\u00e9 de 7 membres de la collectivit\u00e9.En plus de partager la mission, la vis\u00e9e, les valeurs, les objectifs et les principes de l&#8217;organisme,il s&#8217;assure que la Manne du Jour poursuit ses mandats. Il soutient le directeur g\u00e9n\u00e9ral dans son r\u00f4le de dirigeant,apporte ses r\u00e9flexions et \u00e9tablit les strat\u00e9gies qu&#8217;adoptera l&#8217;organisme.Les membres&hellip;&nbsp;<a href=\"https:\/\/mannedujour.ca\/?page_id=372\" class=\"\" rel=\"bookmark\">Read More &raquo;<span class=\"screen-reader-text\">Conseil d&#8217;administration<\/span><\/a><\/p>\n","protected":false},"author":2,"featured_media":0,"parent":0,"menu_order":0,"comment_status":"closed","ping_status":"closed","template":"","meta":{"neve_meta_sidebar":"","neve_meta_container":"","neve_meta_enable_content_width":"","neve_meta_content_width":0,"neve_meta_title_alignment":"","neve_meta_author_avatar":"","neve_post_elements_order":"","neve_meta_disable_header":"","neve_meta_disable_footer":"","neve_meta_disable_title":"on","footnotes":""},"class_list":["post-372","page","type-page","status-publish","hentry"],"_links":{"self":[{"href":"https:\/\/mannedujour.ca\/index.php?rest_route=\/wp\/v2\/pages\/372","targetHints":{"allow":["GET"]}}],"collection":[{"href":"https:\/\/mannedujour.ca\/index.php?rest_route=\/wp\/v2\/pages"}],"about":[{"href":"https:\/\/mannedujour.ca\/index.php?rest_route=\/wp\/v2\/types\/page"}],"author":[{"embeddable":true,"href":"https:\/\/mannedujour.ca\/index.php?rest_route=\/wp\/v2\/users\/2"}],"replies":[{"embeddable":true,"href":"https:\/\/mannedujour.ca\/index.php?rest_route=%2Fwp%2Fv2%2Fcomments&post=372"}],"version-history":[{"count":5,"href":"https:\/\/mannedujour.ca\/index.php?rest_route=\/wp\/v2\/pages\/372\/revisions"}],"predecessor-version":[{"id":675,"href":"https:\/\/mannedujour.ca\/index.php?rest_route=\/wp\/v2\/pages\/372\/revisions\/675"}],"wp:attachment":[{"href":"https:\/\/mannedujour.ca\/index.php?rest_route=%2Fwp%2Fv2%2Fmedia&parent=372"}],"curies":[{"name":"wp","href":"https:\/\/api.w.org\/{rel}","templated":true}]}}