{"id":375,"date":"2024-05-01T14:10:16","date_gmt":"2024-05-01T14:10:16","guid":{"rendered":"http:\/\/mannedujour.ca\/?page_id=375"},"modified":"2024-06-14T02:43:53","modified_gmt":"2024-06-14T02:43:53","slug":"scolaire","status":"publish","type":"page","link":"https:\/\/mannedujour.ca\/?page_id=375","title":{"rendered":"Scolaire"},"content":{"rendered":"\n<div class=\"wp-block-cover alignfull\"><span aria-hidden=\"true\" class=\"wp-block-cover__background has-background-dim-20 has-background-dim\" style=\"background-color:#453f3c\"><\/span><img loading=\"lazy\" decoding=\"async\" width=\"2280\" height=\"1667\" class=\"wp-block-cover__image-background wp-image-685\" alt=\"\" src=\"https:\/\/mannedujour.ca\/wp-content\/uploads\/2024\/06\/1491838913.jpg\" style=\"object-position:48% 91%\" data-object-fit=\"cover\" data-object-position=\"48% 91%\" srcset=\"https:\/\/mannedujour.ca\/wp-content\/uploads\/2024\/06\/1491838913.jpg 2280w, https:\/\/mannedujour.ca\/wp-content\/uploads\/2024\/06\/1491838913-300x219.jpg 300w, https:\/\/mannedujour.ca\/wp-content\/uploads\/2024\/06\/1491838913-1024x749.jpg 1024w, https:\/\/mannedujour.ca\/wp-content\/uploads\/2024\/06\/1491838913-768x562.jpg 768w, https:\/\/mannedujour.ca\/wp-content\/uploads\/2024\/06\/1491838913-1536x1123.jpg 1536w, https:\/\/mannedujour.ca\/wp-content\/uploads\/2024\/06\/1491838913-2048x1497.jpg 2048w\" sizes=\"auto, (max-width: 2280px) 100vw, 2280px\" \/><div class=\"wp-block-cover__inner-container is-layout-constrained wp-block-cover-is-layout-constrained\">\n<p class=\"has-text-align-center has-nv-site-bg-color has-text-color has-link-color has-x-large-font-size wp-elements-18c0d7b65429b083e00d1f02b1690a26\">SCOLAIRE<\/p>\n<\/div><\/div>\n\n\n\n<div style=\"height:50px\" aria-hidden=\"true\" class=\"wp-block-spacer\"><\/div>\n\n\n\n<h3 class=\"wp-block-heading\">Le Club-devoir<\/h3>\n\n\n\n<p>Ateliers d\u2019aide aux devoirs deux soirs par semaine. L\u2019atelier commence par le partage d\u2019une collation. Puis, il est suivi d\u2019un jeu \u00e9ducatif. Ensuite, selon le niveau scolaire de l\u2019enfant, l\u2019\u00e9ducatrice l\u2019accompagne dans la r\u00e9vision de sa mati\u00e8re ou dans la r\u00e9alisation de ses devoirs.<\/p>\n\n\n\n<div class=\"wp-block-buttons is-layout-flex wp-block-buttons-is-layout-flex\">\n<div class=\"wp-block-button\"><a class=\"wp-block-button__link wp-element-button\">Offre d&#8217;emploi<\/a><\/div>\n<\/div>\n","protected":false},"excerpt":{"rendered":"<p>Le Club-devoir Ateliers d\u2019aide aux devoirs deux soirs par semaine. L\u2019atelier commence par le partage d\u2019une collation. Puis, il est suivi d\u2019un jeu \u00e9ducatif. Ensuite, selon le niveau scolaire de l\u2019enfant, l\u2019\u00e9ducatrice l\u2019accompagne dans la r\u00e9vision de sa mati\u00e8re ou dans la r\u00e9alisation de ses devoirs.<\/p>\n","protected":false},"author":2,"featured_media":0,"parent":0,"menu_order":0,"comment_status":"closed","ping_status":"closed","template":"","meta":{"neve_meta_sidebar":"","neve_meta_container":"","neve_meta_enable_content_width":"","neve_meta_content_width":0,"neve_meta_title_alignment":"","neve_meta_author_avatar":"","neve_post_elements_order":"","neve_meta_disable_header":"","neve_meta_disable_footer":"","neve_meta_disable_title":"on","footnotes":""},"class_list":["post-375","page","type-page","status-publish","hentry"],"_links":{"self":[{"href":"https:\/\/mannedujour.ca\/index.php?rest_route=\/wp\/v2\/pages\/375","targetHints":{"allow":["GET"]}}],"collection":[{"href":"https:\/\/mannedujour.ca\/index.php?rest_route=\/wp\/v2\/pages"}],"about":[{"href":"https:\/\/mannedujour.ca\/index.php?rest_route=\/wp\/v2\/types\/page"}],"author":[{"embeddable":true,"href":"https:\/\/mannedujour.ca\/index.php?rest_route=\/wp\/v2\/users\/2"}],"replies":[{"embeddable":true,"href":"https:\/\/mannedujour.ca\/index.php?rest_route=%2Fwp%2Fv2%2Fcomments&post=375"}],"version-history":[{"count":3,"href":"https:\/\/mannedujour.ca\/index.php?rest_route=\/wp\/v2\/pages\/375\/revisions"}],"predecessor-version":[{"id":686,"href":"https:\/\/mannedujour.ca\/index.php?rest_route=\/wp\/v2\/pages\/375\/revisions\/686"}],"wp:attachment":[{"href":"https:\/\/mannedujour.ca\/index.php?rest_route=%2Fwp%2Fv2%2Fmedia&parent=375"}],"curies":[{"name":"wp","href":"https:\/\/api.w.org\/{rel}","templated":true}]}}