{"id":376,"date":"2024-05-01T14:10:16","date_gmt":"2024-05-01T14:10:16","guid":{"rendered":"http:\/\/mannedujour.ca\/?page_id=376"},"modified":"2024-06-15T03:27:18","modified_gmt":"2024-06-15T03:27:18","slug":"integration","status":"publish","type":"page","link":"https:\/\/mannedujour.ca\/?page_id=376","title":{"rendered":"Int\u00e9gration"},"content":{"rendered":"\n<div class=\"wp-block-cover alignfull\"><span aria-hidden=\"true\" class=\"wp-block-cover__background has-background-dim-20 has-background-dim\" style=\"background-color:#746f6c\"><\/span><img loading=\"lazy\" decoding=\"async\" width=\"2000\" height=\"1333\" class=\"wp-block-cover__image-background wp-image-687\" alt=\"\" src=\"https:\/\/mannedujour.ca\/wp-content\/uploads\/2024\/06\/Integration.jpg\" style=\"object-position:50% 62%\" data-object-fit=\"cover\" data-object-position=\"50% 62%\" srcset=\"https:\/\/mannedujour.ca\/wp-content\/uploads\/2024\/06\/Integration.jpg 2000w, https:\/\/mannedujour.ca\/wp-content\/uploads\/2024\/06\/Integration-300x200.jpg 300w, https:\/\/mannedujour.ca\/wp-content\/uploads\/2024\/06\/Integration-1024x682.jpg 1024w, https:\/\/mannedujour.ca\/wp-content\/uploads\/2024\/06\/Integration-768x512.jpg 768w, https:\/\/mannedujour.ca\/wp-content\/uploads\/2024\/06\/Integration-1536x1024.jpg 1536w, https:\/\/mannedujour.ca\/wp-content\/uploads\/2024\/06\/Integration-930x620.jpg 930w\" sizes=\"auto, (max-width: 2000px) 100vw, 2000px\" \/><div class=\"wp-block-cover__inner-container is-layout-constrained wp-block-cover-is-layout-constrained\">\n<p class=\"has-text-align-center has-nv-site-bg-color has-text-color has-link-color has-x-large-font-size wp-elements-acb0fc4ab0f470830e68c10249beaa9b\">INT\u00c9GRATION<\/p>\n<\/div><\/div>\n\n\n\n<div style=\"height:50px\" aria-hidden=\"true\" class=\"wp-block-spacer\"><\/div>\n\n\n\n<p>Manne du jour est le lieu id\u00e9al pour accueillir des individus ou des groupes de personnes qui d\u00e9sirent d\u00e9velopper des habilet\u00e9s et des connaissances dans une perspective d\u2019int\u00e9gration \u00e0 l\u2019emploi. <\/p>\n\n\n\n<p>Ainsi, un tel service permet l\u2019\u00e9mergence de connaissances, de comp\u00e9tences, d\u2019habilet\u00e9s, tant sociales que manuelles et vise l\u2019\u00e9panouissement personnel.<br><br>Manne du jour accueille des membres du Flor\u00e8s ainsi que leur \u00e9ducatrice.<\/p>\n\n\n\n<h3 class=\"wp-block-heading\"><strong>Projet d\u2019insertion, Emploi d\u2019\u00e9t\u00e9<\/strong>, <strong>Subvention salariale<\/strong><\/h3>\n\n\n\n<p>Selon une entente et un horaire pr\u00e9\u00e9tabli, les membres du personnel accompagnent et supportent les personnes tout au long de leur contrat.<\/p>\n","protected":false},"excerpt":{"rendered":"<p>Manne du jour est le lieu id\u00e9al pour accueillir des individus ou des groupes de personnes qui d\u00e9sirent d\u00e9velopper des habilet\u00e9s et des connaissances dans une perspective d\u2019int\u00e9gration \u00e0 l\u2019emploi. Ainsi, un tel service permet l\u2019\u00e9mergence de connaissances, de comp\u00e9tences, d\u2019habilet\u00e9s, tant sociales que manuelles et vise l\u2019\u00e9panouissement personnel. Manne du jour accueille des membres&hellip;&nbsp;<a href=\"https:\/\/mannedujour.ca\/?page_id=376\" class=\"\" rel=\"bookmark\">Read More &raquo;<span class=\"screen-reader-text\">Int\u00e9gration<\/span><\/a><\/p>\n","protected":false},"author":2,"featured_media":0,"parent":0,"menu_order":0,"comment_status":"closed","ping_status":"closed","template":"","meta":{"neve_meta_sidebar":"","neve_meta_container":"","neve_meta_enable_content_width":"","neve_meta_content_width":0,"neve_meta_title_alignment":"","neve_meta_author_avatar":"","neve_post_elements_order":"","neve_meta_disable_header":"","neve_meta_disable_footer":"","neve_meta_disable_title":"on","footnotes":""},"class_list":["post-376","page","type-page","status-publish","hentry"],"_links":{"self":[{"href":"https:\/\/mannedujour.ca\/index.php?rest_route=\/wp\/v2\/pages\/376","targetHints":{"allow":["GET"]}}],"collection":[{"href":"https:\/\/mannedujour.ca\/index.php?rest_route=\/wp\/v2\/pages"}],"about":[{"href":"https:\/\/mannedujour.ca\/index.php?rest_route=\/wp\/v2\/types\/page"}],"author":[{"embeddable":true,"href":"https:\/\/mannedujour.ca\/index.php?rest_route=\/wp\/v2\/users\/2"}],"replies":[{"embeddable":true,"href":"https:\/\/mannedujour.ca\/index.php?rest_route=%2Fwp%2Fv2%2Fcomments&post=376"}],"version-history":[{"count":6,"href":"https:\/\/mannedujour.ca\/index.php?rest_route=\/wp\/v2\/pages\/376\/revisions"}],"predecessor-version":[{"id":758,"href":"https:\/\/mannedujour.ca\/index.php?rest_route=\/wp\/v2\/pages\/376\/revisions\/758"}],"wp:attachment":[{"href":"https:\/\/mannedujour.ca\/index.php?rest_route=%2Fwp%2Fv2%2Fmedia&parent=376"}],"curies":[{"name":"wp","href":"https:\/\/api.w.org\/{rel}","templated":true}]}}