{"id":377,"date":"2024-05-01T14:10:16","date_gmt":"2024-05-01T14:10:16","guid":{"rendered":"http:\/\/mannedujour.ca\/?page_id=377"},"modified":"2024-06-14T02:48:29","modified_gmt":"2024-06-14T02:48:29","slug":"ecologique","status":"publish","type":"page","link":"https:\/\/mannedujour.ca\/?page_id=377","title":{"rendered":"\u00c9cologique"},"content":{"rendered":"\n<div class=\"wp-block-cover alignfull\"><span aria-hidden=\"true\" class=\"wp-block-cover__background has-background-dim-20 has-background-dim\" style=\"background-color:#6f644d\"><\/span><img loading=\"lazy\" decoding=\"async\" width=\"2000\" height=\"1333\" class=\"wp-block-cover__image-background wp-image-690\" alt=\"\" src=\"http:\/\/mannedujour.ca\/wp-content\/uploads\/2024\/06\/Ecologique.jpg\" style=\"object-position:50% 40%\" data-object-fit=\"cover\" data-object-position=\"50% 40%\" srcset=\"https:\/\/mannedujour.ca\/wp-content\/uploads\/2024\/06\/Ecologique.jpg 2000w, https:\/\/mannedujour.ca\/wp-content\/uploads\/2024\/06\/Ecologique-300x200.jpg 300w, https:\/\/mannedujour.ca\/wp-content\/uploads\/2024\/06\/Ecologique-1024x682.jpg 1024w, https:\/\/mannedujour.ca\/wp-content\/uploads\/2024\/06\/Ecologique-768x512.jpg 768w, https:\/\/mannedujour.ca\/wp-content\/uploads\/2024\/06\/Ecologique-1536x1024.jpg 1536w, https:\/\/mannedujour.ca\/wp-content\/uploads\/2024\/06\/Ecologique-930x620.jpg 930w\" sizes=\"auto, (max-width: 2000px) 100vw, 2000px\" \/><div class=\"wp-block-cover__inner-container is-layout-constrained wp-block-cover-is-layout-constrained\">\n<p class=\"has-text-align-center has-nv-site-bg-color has-text-color has-link-color has-x-large-font-size wp-elements-02224785edfd8ca89e7a02df09c0430e\">\u00c9COLOGIQUE<\/p>\n<\/div><\/div>\n\n\n\n<div style=\"height:50px\" aria-hidden=\"true\" class=\"wp-block-spacer\"><\/div>\n\n\n\n<p>L\u2019organisme adopte par ses valeurs et ses principes des actions \u00e9coresponsables. Ainsi, par le biais de notre transformation alimentaire et \u00e0 travers LA BOUTIK, nous favorisons le recyclage en \u00e9vitant l\u2019enfouissement.<\/p>\n\n\n\n<p><br>Nous travaillons en collaboration avec la R\u00e9gie intermunicipale des d\u00e9chets de la Li\u00e8vre afin de composter nos r\u00e9sidus ou encore avec des fermes locales qui r\u00e9cup\u00e8rent nos restes de l\u00e9gumes. Nous r\u00e9cup\u00e9rons aussi le m\u00e9tal.<\/p>\n\n\n\n<hr class=\"wp-block-separator has-alpha-channel-opacity\"\/>\n\n\n\n<h3 class=\"wp-block-heading\">Tri et transformation d\u2019aliment : Aucun gaspillage<\/h3>\n\n\n\n<p>Devant le nombre grandissant des demandes alimentaires et devant la quantit\u00e9 restreinte de nourriture, l\u2019organisme a toujours su faire preuve de cr\u00e9ativit\u00e9. Le tri des denr\u00e9es et leur transformation a permis d\u2019augmenter la quantit\u00e9 d\u2019aliments offerts. Ainsi, tout au long de l\u2019ann\u00e9e, elle porte une attention particuli\u00e8re \u00e0 minimiser les pertes alimentaires.<\/p>\n\n\n\n<hr class=\"wp-block-separator has-alpha-channel-opacity\"\/>\n\n\n\n<h3 class=\"wp-block-heading\">Voici la route des aliments re\u00e7us<\/h3>\n\n\n\n<figure class=\"wp-block-image size-large is-resized\"><img loading=\"lazy\" decoding=\"async\" width=\"1024\" height=\"863\" src=\"http:\/\/mannedujour.ca\/wp-content\/uploads\/2024\/05\/capture-d-e-cran-2018-03-23-a-16-08-35_1-1024x863.png\" alt=\"\" class=\"wp-image-484\" style=\"width:1025px;height:auto\" srcset=\"https:\/\/mannedujour.ca\/wp-content\/uploads\/2024\/05\/capture-d-e-cran-2018-03-23-a-16-08-35_1-1024x863.png 1024w, https:\/\/mannedujour.ca\/wp-content\/uploads\/2024\/05\/capture-d-e-cran-2018-03-23-a-16-08-35_1-300x253.png 300w, https:\/\/mannedujour.ca\/wp-content\/uploads\/2024\/05\/capture-d-e-cran-2018-03-23-a-16-08-35_1-768x647.png 768w, https:\/\/mannedujour.ca\/wp-content\/uploads\/2024\/05\/capture-d-e-cran-2018-03-23-a-16-08-35_1.png 1120w\" sizes=\"auto, (max-width: 1024px) 100vw, 1024px\" \/><\/figure>\n\n\n\n<hr class=\"wp-block-separator has-alpha-channel-opacity\"\/>\n\n\n\n<h3 class=\"wp-block-heading\"><strong>Activit\u00e9s de promotion et de visibilit\u00e9<\/strong><\/h3>\n\n\n\n<p>En saison, des marinades, des condiments, des \u00e9pices, des confitures, des p\u00e2t\u00e9s, des p\u00e2tisseries et des sauces sont cuisin\u00e9s et vendus \u00e0 la Boutik afin de contribuer au financement de notre organisme.<\/p>\n","protected":false},"excerpt":{"rendered":"<p>L\u2019organisme adopte par ses valeurs et ses principes des actions \u00e9coresponsables. Ainsi, par le biais de notre transformation alimentaire et \u00e0 travers LA BOUTIK, nous favorisons le recyclage en \u00e9vitant l\u2019enfouissement. Nous travaillons en collaboration avec la R\u00e9gie intermunicipale des d\u00e9chets de la Li\u00e8vre afin de composter nos r\u00e9sidus ou encore avec des fermes locales&hellip;&nbsp;<a href=\"https:\/\/mannedujour.ca\/?page_id=377\" class=\"\" rel=\"bookmark\">Read More &raquo;<span class=\"screen-reader-text\">\u00c9cologique<\/span><\/a><\/p>\n","protected":false},"author":2,"featured_media":0,"parent":0,"menu_order":0,"comment_status":"closed","ping_status":"closed","template":"","meta":{"neve_meta_sidebar":"","neve_meta_container":"","neve_meta_enable_content_width":"","neve_meta_content_width":0,"neve_meta_title_alignment":"","neve_meta_author_avatar":"","neve_post_elements_order":"","neve_meta_disable_header":"","neve_meta_disable_footer":"","neve_meta_disable_title":"on","footnotes":""},"class_list":["post-377","page","type-page","status-publish","hentry"],"_links":{"self":[{"href":"https:\/\/mannedujour.ca\/index.php?rest_route=\/wp\/v2\/pages\/377","targetHints":{"allow":["GET"]}}],"collection":[{"href":"https:\/\/mannedujour.ca\/index.php?rest_route=\/wp\/v2\/pages"}],"about":[{"href":"https:\/\/mannedujour.ca\/index.php?rest_route=\/wp\/v2\/types\/page"}],"author":[{"embeddable":true,"href":"https:\/\/mannedujour.ca\/index.php?rest_route=\/wp\/v2\/users\/2"}],"replies":[{"embeddable":true,"href":"https:\/\/mannedujour.ca\/index.php?rest_route=%2Fwp%2Fv2%2Fcomments&post=377"}],"version-history":[{"count":4,"href":"https:\/\/mannedujour.ca\/index.php?rest_route=\/wp\/v2\/pages\/377\/revisions"}],"predecessor-version":[{"id":693,"href":"https:\/\/mannedujour.ca\/index.php?rest_route=\/wp\/v2\/pages\/377\/revisions\/693"}],"wp:attachment":[{"href":"https:\/\/mannedujour.ca\/index.php?rest_route=%2Fwp%2Fv2%2Fmedia&parent=377"}],"curies":[{"name":"wp","href":"https:\/\/api.w.org\/{rel}","templated":true}]}}