{"id":381,"date":"2024-05-01T14:10:16","date_gmt":"2024-05-01T14:10:16","guid":{"rendered":"http:\/\/mannedujour.ca\/?page_id=381"},"modified":"2024-06-15T01:04:39","modified_gmt":"2024-06-15T01:04:39","slug":"collaborateurs","status":"publish","type":"page","link":"https:\/\/mannedujour.ca\/?page_id=381","title":{"rendered":"Collaborateurs"},"content":{"rendered":"\n<div class=\"wp-block-cover alignfull\"><span aria-hidden=\"true\" class=\"wp-block-cover__background has-background-dim-20 has-background-dim\" style=\"background-color:#585757\"><\/span><img loading=\"lazy\" decoding=\"async\" width=\"2000\" height=\"1333\" class=\"wp-block-cover__image-background wp-image-718\" alt=\"\" src=\"http:\/\/mannedujour.ca\/wp-content\/uploads\/2024\/06\/donateurs.jpg\" data-object-fit=\"cover\" srcset=\"https:\/\/mannedujour.ca\/wp-content\/uploads\/2024\/06\/donateurs.jpg 2000w, https:\/\/mannedujour.ca\/wp-content\/uploads\/2024\/06\/donateurs-300x200.jpg 300w, https:\/\/mannedujour.ca\/wp-content\/uploads\/2024\/06\/donateurs-1024x682.jpg 1024w, https:\/\/mannedujour.ca\/wp-content\/uploads\/2024\/06\/donateurs-768x512.jpg 768w, https:\/\/mannedujour.ca\/wp-content\/uploads\/2024\/06\/donateurs-1536x1024.jpg 1536w, https:\/\/mannedujour.ca\/wp-content\/uploads\/2024\/06\/donateurs-930x620.jpg 930w\" sizes=\"auto, (max-width: 2000px) 100vw, 2000px\" \/><div class=\"wp-block-cover__inner-container is-layout-constrained wp-block-cover-is-layout-constrained\">\n<p class=\"has-text-align-center has-nv-site-bg-color has-text-color has-link-color has-x-large-font-size wp-elements-9d4c21b6b07047b0f406ecfa7b7d41b5\">COLLABORATEURS<\/p>\n<\/div><\/div>\n\n\n\n<div style=\"height:50px\" aria-hidden=\"true\" class=\"wp-block-spacer\"><\/div>\n\n\n\n<div class=\"wp-block-columns is-layout-flex wp-container-core-columns-is-layout-9d6595d7 wp-block-columns-is-layout-flex\">\n<div class=\"wp-block-column is-layout-flow wp-block-column-is-layout-flow\">\n<ul class=\"wp-block-list\">\n<li>CDCHL<\/li>\n\n\n\n<li>Centre de formation professionnelle<\/li>\n\n\n\n<li>CISSS des Laurentides<\/li>\n\n\n\n<li>CISSS des Laurentides (Flor\u00e8s)<\/li>\n\n\n\n<li>Club 4H<\/li>\n\n\n\n<li>\u200bROCL<\/li>\n<\/ul>\n<\/div>\n\n\n\n<div class=\"wp-block-column is-layout-flow wp-block-column-is-layout-flow\">\n<ul class=\"wp-block-list\">\n<li>Comit\u00e9 d\u2019action pers\u00e9v\u00e9rance<\/li>\n\n\n\n<li>Centre de services scolaire des Hautes-Laurentides<\/li>\n\n\n\n<li>\u00c9coAction<\/li>\n\n\n\n<li>Emploi Qu\u00e9bec<\/li>\n\n\n\n<li>Imprimerie l\u2019Artographe<\/li>\n\n\n\n<li>\u200bTable en s\u00e9curit\u00e9 alimentaire<\/li>\n<\/ul>\n<\/div>\n\n\n\n<div class=\"wp-block-column is-layout-flow wp-block-column-is-layout-flow\">\n<ul class=\"wp-block-list\">\n<li>Journal le Courant des Hautes Laurentides<\/li>\n\n\n\n<li>Radio CFLO<\/li>\n\n\n\n<li>REGAL +<\/li>\n\n\n\n<li>R\u00e9gie intermunicipale des d\u00e9chets de la Li\u00e8vre<\/li>\n\n\n\n<li>R\u00e9sidences de la Polyvalente<\/li>\n<\/ul>\n<\/div>\n<\/div>\n\n\n\n<p>Et bien d&#8217;autres&#8230;<\/p>\n","protected":false},"excerpt":{"rendered":"<p>Et bien d&#8217;autres&#8230;<\/p>\n","protected":false},"author":2,"featured_media":0,"parent":0,"menu_order":0,"comment_status":"closed","ping_status":"closed","template":"","meta":{"neve_meta_sidebar":"","neve_meta_container":"","neve_meta_enable_content_width":"","neve_meta_content_width":0,"neve_meta_title_alignment":"","neve_meta_author_avatar":"","neve_post_elements_order":"","neve_meta_disable_header":"","neve_meta_disable_footer":"","neve_meta_disable_title":"on","footnotes":""},"class_list":["post-381","page","type-page","status-publish","hentry"],"_links":{"self":[{"href":"https:\/\/mannedujour.ca\/index.php?rest_route=\/wp\/v2\/pages\/381","targetHints":{"allow":["GET"]}}],"collection":[{"href":"https:\/\/mannedujour.ca\/index.php?rest_route=\/wp\/v2\/pages"}],"about":[{"href":"https:\/\/mannedujour.ca\/index.php?rest_route=\/wp\/v2\/types\/page"}],"author":[{"embeddable":true,"href":"https:\/\/mannedujour.ca\/index.php?rest_route=\/wp\/v2\/users\/2"}],"replies":[{"embeddable":true,"href":"https:\/\/mannedujour.ca\/index.php?rest_route=%2Fwp%2Fv2%2Fcomments&post=381"}],"version-history":[{"count":5,"href":"https:\/\/mannedujour.ca\/index.php?rest_route=\/wp\/v2\/pages\/381\/revisions"}],"predecessor-version":[{"id":740,"href":"https:\/\/mannedujour.ca\/index.php?rest_route=\/wp\/v2\/pages\/381\/revisions\/740"}],"wp:attachment":[{"href":"https:\/\/mannedujour.ca\/index.php?rest_route=%2Fwp%2Fv2%2Fmedia&parent=381"}],"curies":[{"name":"wp","href":"https:\/\/api.w.org\/{rel}","templated":true}]}}