{"id":553,"date":"2024-05-24T21:26:42","date_gmt":"2024-05-24T21:26:42","guid":{"rendered":"http:\/\/mannedujour.ca\/?page_id=553"},"modified":"2024-06-15T03:19:49","modified_gmt":"2024-06-15T03:19:49","slug":"la-boutik","status":"publish","type":"page","link":"https:\/\/mannedujour.ca\/?page_id=553","title":{"rendered":"La Boutik"},"content":{"rendered":"\n<div class=\"wp-block-cover alignfull has-x-large-font-size\"><span aria-hidden=\"true\" class=\"wp-block-cover__background has-background-dim\" style=\"background-color:#3a584c\"><\/span><img loading=\"lazy\" decoding=\"async\" width=\"2000\" height=\"1500\" class=\"wp-block-cover__image-background wp-image-695\" alt=\"\" src=\"http:\/\/mannedujour.ca\/wp-content\/uploads\/2024\/06\/Boutik.jpg\" style=\"object-position:63% 0%\" data-object-fit=\"cover\" data-object-position=\"63% 0%\" srcset=\"https:\/\/mannedujour.ca\/wp-content\/uploads\/2024\/06\/Boutik.jpg 2000w, https:\/\/mannedujour.ca\/wp-content\/uploads\/2024\/06\/Boutik-300x225.jpg 300w, https:\/\/mannedujour.ca\/wp-content\/uploads\/2024\/06\/Boutik-1024x768.jpg 1024w, https:\/\/mannedujour.ca\/wp-content\/uploads\/2024\/06\/Boutik-768x576.jpg 768w, https:\/\/mannedujour.ca\/wp-content\/uploads\/2024\/06\/Boutik-1536x1152.jpg 1536w\" sizes=\"auto, (max-width: 2000px) 100vw, 2000px\" \/><div class=\"wp-block-cover__inner-container is-layout-constrained wp-block-cover-is-layout-constrained\">\n<h1 class=\"wp-block-heading has-text-align-center\">LA BOUTIK<\/h1>\n\n\n\n<p class=\"has-text-align-center has-nv-site-bg-color has-text-color has-link-color has-x-large-font-size wp-elements-b13397f315fa44bc2136945ed5cc0ab8\">Ouverte \u00e0 tous<\/p>\n<\/div><\/div>\n\n\n\n<div style=\"height:50px\" aria-hidden=\"true\" class=\"wp-block-spacer\"><\/div>\n\n\n\n<figure class=\"wp-block-gallery has-nested-images columns-default is-cropped wp-block-gallery-1 is-layout-flex wp-block-gallery-is-layout-flex\">\n<figure class=\"wp-block-image size-large\"><img loading=\"lazy\" decoding=\"async\" width=\"1024\" height=\"682\" data-id=\"535\" src=\"http:\/\/mannedujour.ca\/wp-content\/uploads\/2024\/05\/Tourniquet_1-1024x682.jpg\" alt=\"\" class=\"wp-image-535\" srcset=\"https:\/\/mannedujour.ca\/wp-content\/uploads\/2024\/05\/Tourniquet_1-1024x682.jpg 1024w, https:\/\/mannedujour.ca\/wp-content\/uploads\/2024\/05\/Tourniquet_1-300x200.jpg 300w, https:\/\/mannedujour.ca\/wp-content\/uploads\/2024\/05\/Tourniquet_1-768x512.jpg 768w, https:\/\/mannedujour.ca\/wp-content\/uploads\/2024\/05\/Tourniquet_1-930x620.jpg 930w, https:\/\/mannedujour.ca\/wp-content\/uploads\/2024\/05\/Tourniquet_1.jpg 1100w\" sizes=\"auto, (max-width: 1024px) 100vw, 1024px\" \/><\/figure>\n\n\n\n<figure class=\"wp-block-image size-large\"><img loading=\"lazy\" decoding=\"async\" width=\"1024\" height=\"683\" data-id=\"536\" src=\"http:\/\/mannedujour.ca\/wp-content\/uploads\/2024\/05\/Tourniquet_2-1024x683.png\" alt=\"\" class=\"wp-image-536\" srcset=\"https:\/\/mannedujour.ca\/wp-content\/uploads\/2024\/05\/Tourniquet_2-1024x683.png 1024w, https:\/\/mannedujour.ca\/wp-content\/uploads\/2024\/05\/Tourniquet_2-300x200.png 300w, https:\/\/mannedujour.ca\/wp-content\/uploads\/2024\/05\/Tourniquet_2-768x512.png 768w, https:\/\/mannedujour.ca\/wp-content\/uploads\/2024\/05\/Tourniquet_2-930x620.png 930w, https:\/\/mannedujour.ca\/wp-content\/uploads\/2024\/05\/Tourniquet_2.png 1100w\" sizes=\"auto, (max-width: 1024px) 100vw, 1024px\" \/><\/figure>\n\n\n\n<figure class=\"wp-block-image size-large\"><img loading=\"lazy\" decoding=\"async\" width=\"1024\" height=\"771\" data-id=\"547\" src=\"http:\/\/mannedujour.ca\/wp-content\/uploads\/2024\/05\/Boutik1-mathieu-rivest-martin-1024x771.jpg\" alt=\"\" class=\"wp-image-547\" srcset=\"https:\/\/mannedujour.ca\/wp-content\/uploads\/2024\/05\/Boutik1-mathieu-rivest-martin-1024x771.jpg 1024w, https:\/\/mannedujour.ca\/wp-content\/uploads\/2024\/05\/Boutik1-mathieu-rivest-martin-300x226.jpg 300w, https:\/\/mannedujour.ca\/wp-content\/uploads\/2024\/05\/Boutik1-mathieu-rivest-martin-768x578.jpg 768w, https:\/\/mannedujour.ca\/wp-content\/uploads\/2024\/05\/Boutik1-mathieu-rivest-martin-1536x1157.jpg 1536w, https:\/\/mannedujour.ca\/wp-content\/uploads\/2024\/05\/Boutik1-mathieu-rivest-martin-2048x1542.jpg 2048w\" sizes=\"auto, (max-width: 1024px) 100vw, 1024px\" \/><\/figure>\n\n\n\n<figure class=\"wp-block-image size-large\"><img loading=\"lazy\" decoding=\"async\" width=\"1024\" height=\"740\" data-id=\"537\" src=\"http:\/\/mannedujour.ca\/wp-content\/uploads\/2024\/05\/Tourniquet_3-1024x740.jpg\" alt=\"\" class=\"wp-image-537\" srcset=\"https:\/\/mannedujour.ca\/wp-content\/uploads\/2024\/05\/Tourniquet_3-1024x740.jpg 1024w, https:\/\/mannedujour.ca\/wp-content\/uploads\/2024\/05\/Tourniquet_3-300x217.jpg 300w, https:\/\/mannedujour.ca\/wp-content\/uploads\/2024\/05\/Tourniquet_3-768x555.jpg 768w, https:\/\/mannedujour.ca\/wp-content\/uploads\/2024\/05\/Tourniquet_3.jpg 1100w\" sizes=\"auto, (max-width: 1024px) 100vw, 1024px\" \/><\/figure>\n\n\n\n<figure class=\"wp-block-image size-large\"><img loading=\"lazy\" decoding=\"async\" width=\"1024\" height=\"683\" data-id=\"538\" src=\"http:\/\/mannedujour.ca\/wp-content\/uploads\/2024\/05\/Tourniquet_4-1024x683.png\" alt=\"\" class=\"wp-image-538\" srcset=\"https:\/\/mannedujour.ca\/wp-content\/uploads\/2024\/05\/Tourniquet_4-1024x683.png 1024w, https:\/\/mannedujour.ca\/wp-content\/uploads\/2024\/05\/Tourniquet_4-300x200.png 300w, https:\/\/mannedujour.ca\/wp-content\/uploads\/2024\/05\/Tourniquet_4-768x512.png 768w, https:\/\/mannedujour.ca\/wp-content\/uploads\/2024\/05\/Tourniquet_4-930x620.png 930w, https:\/\/mannedujour.ca\/wp-content\/uploads\/2024\/05\/Tourniquet_4.png 1100w\" sizes=\"auto, (max-width: 1024px) 100vw, 1024px\" \/><\/figure>\n\n\n\n<figure class=\"wp-block-image size-large\"><img loading=\"lazy\" decoding=\"async\" width=\"771\" height=\"1024\" data-id=\"546\" src=\"http:\/\/mannedujour.ca\/wp-content\/uploads\/2024\/05\/Boutik-mathieu-rivest-martin-771x1024.jpg\" alt=\"\" class=\"wp-image-546\" srcset=\"https:\/\/mannedujour.ca\/wp-content\/uploads\/2024\/05\/Boutik-mathieu-rivest-martin-771x1024.jpg 771w, https:\/\/mannedujour.ca\/wp-content\/uploads\/2024\/05\/Boutik-mathieu-rivest-martin-226x300.jpg 226w, https:\/\/mannedujour.ca\/wp-content\/uploads\/2024\/05\/Boutik-mathieu-rivest-martin-768x1020.jpg 768w, https:\/\/mannedujour.ca\/wp-content\/uploads\/2024\/05\/Boutik-mathieu-rivest-martin-1157x1536.jpg 1157w, https:\/\/mannedujour.ca\/wp-content\/uploads\/2024\/05\/Boutik-mathieu-rivest-martin-1542x2048.jpg 1542w, https:\/\/mannedujour.ca\/wp-content\/uploads\/2024\/05\/Boutik-mathieu-rivest-martin-scaled.jpg 1928w\" sizes=\"auto, (max-width: 771px) 100vw, 771px\" \/><\/figure>\n\n\n\n<figure class=\"wp-block-image size-large\"><img loading=\"lazy\" decoding=\"async\" width=\"1024\" height=\"683\" data-id=\"539\" src=\"http:\/\/mannedujour.ca\/wp-content\/uploads\/2024\/05\/Tourniquet_5-1024x683.png\" alt=\"\" class=\"wp-image-539\" srcset=\"https:\/\/mannedujour.ca\/wp-content\/uploads\/2024\/05\/Tourniquet_5-1024x683.png 1024w, https:\/\/mannedujour.ca\/wp-content\/uploads\/2024\/05\/Tourniquet_5-300x200.png 300w, https:\/\/mannedujour.ca\/wp-content\/uploads\/2024\/05\/Tourniquet_5-768x512.png 768w, https:\/\/mannedujour.ca\/wp-content\/uploads\/2024\/05\/Tourniquet_5-930x620.png 930w, https:\/\/mannedujour.ca\/wp-content\/uploads\/2024\/05\/Tourniquet_5.png 1100w\" sizes=\"auto, (max-width: 1024px) 100vw, 1024px\" \/><\/figure>\n\n\n\n<figure class=\"wp-block-image size-large\"><img loading=\"lazy\" decoding=\"async\" width=\"1024\" height=\"667\" data-id=\"540\" src=\"http:\/\/mannedujour.ca\/wp-content\/uploads\/2024\/05\/Tourniquet_6-1024x667.jpg\" alt=\"\" class=\"wp-image-540\" srcset=\"https:\/\/mannedujour.ca\/wp-content\/uploads\/2024\/05\/Tourniquet_6-1024x667.jpg 1024w, https:\/\/mannedujour.ca\/wp-content\/uploads\/2024\/05\/Tourniquet_6-300x195.jpg 300w, https:\/\/mannedujour.ca\/wp-content\/uploads\/2024\/05\/Tourniquet_6-768x500.jpg 768w, https:\/\/mannedujour.ca\/wp-content\/uploads\/2024\/05\/Tourniquet_6.jpg 1100w\" sizes=\"auto, (max-width: 1024px) 100vw, 1024px\" \/><\/figure>\n\n\n\n<figure class=\"wp-block-image size-large\"><img loading=\"lazy\" decoding=\"async\" width=\"1024\" height=\"682\" data-id=\"541\" src=\"http:\/\/mannedujour.ca\/wp-content\/uploads\/2024\/05\/Tourniquet_7-1024x682.png\" alt=\"\" class=\"wp-image-541\" srcset=\"https:\/\/mannedujour.ca\/wp-content\/uploads\/2024\/05\/Tourniquet_7-1024x682.png 1024w, https:\/\/mannedujour.ca\/wp-content\/uploads\/2024\/05\/Tourniquet_7-300x200.png 300w, https:\/\/mannedujour.ca\/wp-content\/uploads\/2024\/05\/Tourniquet_7-768x512.png 768w, https:\/\/mannedujour.ca\/wp-content\/uploads\/2024\/05\/Tourniquet_7-930x620.png 930w, https:\/\/mannedujour.ca\/wp-content\/uploads\/2024\/05\/Tourniquet_7.png 1100w\" sizes=\"auto, (max-width: 1024px) 100vw, 1024px\" \/><\/figure>\n\n\n\n<figure class=\"wp-block-image size-large\"><img loading=\"lazy\" decoding=\"async\" width=\"1024\" height=\"683\" data-id=\"542\" src=\"http:\/\/mannedujour.ca\/wp-content\/uploads\/2024\/05\/Tourniquet_8-1024x683.png\" alt=\"\" class=\"wp-image-542\" srcset=\"https:\/\/mannedujour.ca\/wp-content\/uploads\/2024\/05\/Tourniquet_8-1024x683.png 1024w, https:\/\/mannedujour.ca\/wp-content\/uploads\/2024\/05\/Tourniquet_8-300x200.png 300w, https:\/\/mannedujour.ca\/wp-content\/uploads\/2024\/05\/Tourniquet_8-768x512.png 768w, https:\/\/mannedujour.ca\/wp-content\/uploads\/2024\/05\/Tourniquet_8-930x620.png 930w, https:\/\/mannedujour.ca\/wp-content\/uploads\/2024\/05\/Tourniquet_8.png 1100w\" sizes=\"auto, (max-width: 1024px) 100vw, 1024px\" \/><\/figure>\n\n\n\n<figure class=\"wp-block-image size-large\"><img loading=\"lazy\" decoding=\"async\" width=\"1024\" height=\"768\" data-id=\"549\" src=\"http:\/\/mannedujour.ca\/wp-content\/uploads\/2024\/05\/inbound6941755087402985374-Tourniquet-boutik-1024x768.jpg\" alt=\"\" class=\"wp-image-549\" srcset=\"https:\/\/mannedujour.ca\/wp-content\/uploads\/2024\/05\/inbound6941755087402985374-Tourniquet-boutik-1024x768.jpg 1024w, https:\/\/mannedujour.ca\/wp-content\/uploads\/2024\/05\/inbound6941755087402985374-Tourniquet-boutik-300x225.jpg 300w, https:\/\/mannedujour.ca\/wp-content\/uploads\/2024\/05\/inbound6941755087402985374-Tourniquet-boutik-768x576.jpg 768w, https:\/\/mannedujour.ca\/wp-content\/uploads\/2024\/05\/inbound6941755087402985374-Tourniquet-boutik-1536x1152.jpg 1536w, https:\/\/mannedujour.ca\/wp-content\/uploads\/2024\/05\/inbound6941755087402985374-Tourniquet-boutik-2048x1536.jpg 2048w\" sizes=\"auto, (max-width: 1024px) 100vw, 1024px\" \/><\/figure>\n\n\n\n<figure class=\"wp-block-image size-large\"><img loading=\"lazy\" decoding=\"async\" width=\"1024\" height=\"682\" data-id=\"543\" src=\"http:\/\/mannedujour.ca\/wp-content\/uploads\/2024\/05\/Tourniquet_9-1024x682.png\" alt=\"\" class=\"wp-image-543\" srcset=\"https:\/\/mannedujour.ca\/wp-content\/uploads\/2024\/05\/Tourniquet_9-1024x682.png 1024w, https:\/\/mannedujour.ca\/wp-content\/uploads\/2024\/05\/Tourniquet_9-300x200.png 300w, https:\/\/mannedujour.ca\/wp-content\/uploads\/2024\/05\/Tourniquet_9-768x512.png 768w, https:\/\/mannedujour.ca\/wp-content\/uploads\/2024\/05\/Tourniquet_9-930x620.png 930w, https:\/\/mannedujour.ca\/wp-content\/uploads\/2024\/05\/Tourniquet_9.png 1100w\" sizes=\"auto, (max-width: 1024px) 100vw, 1024px\" \/><\/figure>\n\n\n\n<figure class=\"wp-block-image size-large\"><img loading=\"lazy\" decoding=\"async\" width=\"1024\" height=\"682\" data-id=\"544\" src=\"http:\/\/mannedujour.ca\/wp-content\/uploads\/2024\/05\/Tourniquet_10-1024x682.png\" alt=\"\" class=\"wp-image-544\" srcset=\"https:\/\/mannedujour.ca\/wp-content\/uploads\/2024\/05\/Tourniquet_10-1024x682.png 1024w, https:\/\/mannedujour.ca\/wp-content\/uploads\/2024\/05\/Tourniquet_10-300x200.png 300w, https:\/\/mannedujour.ca\/wp-content\/uploads\/2024\/05\/Tourniquet_10-768x512.png 768w, https:\/\/mannedujour.ca\/wp-content\/uploads\/2024\/05\/Tourniquet_10-930x620.png 930w, https:\/\/mannedujour.ca\/wp-content\/uploads\/2024\/05\/Tourniquet_10.png 1081w\" sizes=\"auto, (max-width: 1024px) 100vw, 1024px\" \/><\/figure>\n\n\n\n<figure class=\"wp-block-image size-large\"><img loading=\"lazy\" decoding=\"async\" width=\"1024\" height=\"683\" data-id=\"545\" src=\"http:\/\/mannedujour.ca\/wp-content\/uploads\/2024\/05\/Tourniquet_11-1024x683.png\" alt=\"\" class=\"wp-image-545\" srcset=\"https:\/\/mannedujour.ca\/wp-content\/uploads\/2024\/05\/Tourniquet_11-1024x683.png 1024w, https:\/\/mannedujour.ca\/wp-content\/uploads\/2024\/05\/Tourniquet_11-300x200.png 300w, https:\/\/mannedujour.ca\/wp-content\/uploads\/2024\/05\/Tourniquet_11-768x512.png 768w, https:\/\/mannedujour.ca\/wp-content\/uploads\/2024\/05\/Tourniquet_11-930x620.png 930w, https:\/\/mannedujour.ca\/wp-content\/uploads\/2024\/05\/Tourniquet_11.png 1100w\" sizes=\"auto, (max-width: 1024px) 100vw, 1024px\" \/><\/figure>\n<\/figure>\n\n\n\n<div style=\"height:50px\" aria-hidden=\"true\" class=\"wp-block-spacer\"><\/div>\n\n\n\n<div class=\"wp-block-group alignwide\"><div class=\"wp-block-group__inner-container is-layout-constrained wp-block-group-is-layout-constrained\">\n<div class=\"wp-block-cover alignfull\"><span aria-hidden=\"true\" class=\"wp-block-cover__background has-background-dim\" style=\"background-color:#2a2b2a\"><\/span><img loading=\"lazy\" decoding=\"async\" width=\"2000\" height=\"475\" class=\"wp-block-cover__image-background wp-image-703\" alt=\"\" src=\"https:\/\/mannedujour.ca\/wp-content\/uploads\/2024\/06\/Boutik_2.jpg\" style=\"object-position:48% 100%\" data-object-fit=\"cover\" data-object-position=\"48% 100%\" srcset=\"https:\/\/mannedujour.ca\/wp-content\/uploads\/2024\/06\/Boutik_2.jpg 2000w, https:\/\/mannedujour.ca\/wp-content\/uploads\/2024\/06\/Boutik_2-300x71.jpg 300w, https:\/\/mannedujour.ca\/wp-content\/uploads\/2024\/06\/Boutik_2-1024x243.jpg 1024w, https:\/\/mannedujour.ca\/wp-content\/uploads\/2024\/06\/Boutik_2-768x182.jpg 768w, https:\/\/mannedujour.ca\/wp-content\/uploads\/2024\/06\/Boutik_2-1536x365.jpg 1536w\" sizes=\"auto, (max-width: 2000px) 100vw, 2000px\" \/><div class=\"wp-block-cover__inner-container is-layout-flow wp-block-cover-is-layout-flow\">\n<h2 class=\"wp-block-heading has-text-align-center\">Pourquoi magasiner \u00e0 LA BOUTIK?<\/h2>\n\n\n\n<div class=\"wp-block-columns is-layout-flex wp-container-core-columns-is-layout-9d6595d7 wp-block-columns-is-layout-flex\">\n<div class=\"wp-block-column is-layout-flow wp-block-column-is-layout-flow\">\n<h3 class=\"wp-block-heading has-text-align-right\">Soutenir notre mission<br>Poursuivre nos services gratuits<br>Faire de belles trouvailles<br>Encourager la consommation responsable<\/h3>\n<\/div>\n\n\n\n<div class=\"wp-block-column is-layout-flow wp-block-column-is-layout-flow\">\n<h3 class=\"wp-block-heading\">Profitez d\u2019un grand inventaire<br>Satisfaire tous les budgets<br>\u00catre solidaire envers sa communaut\u00e9<br>\u00c9vitez l\u2019enfouissement<\/h3>\n<\/div>\n<\/div>\n<\/div><\/div>\n\n\n\n<div style=\"height:100px\" aria-hidden=\"true\" class=\"wp-block-spacer\"><\/div>\n\n\n\n<hr class=\"wp-block-separator has-alpha-channel-opacity\"\/>\n\n\n\n<h2 class=\"wp-block-heading has-text-align-center\">O\u00d9 NOUS TROUVER?<\/h2>\n\n\n\n<h3 class=\"wp-block-heading has-text-align-center\"><strong>OUVERT \u00c0 TOUS<\/strong> &#8211; DU LUNDI AU VENDREDI DE 9H \u00e0 17H<\/h3>\n\n\n\n<h4 class=\"wp-block-heading alignfull has-text-align-center\">386 rue H\u00e9bert, Mont-LaurierQu\u00e9bec, J9L 2X2<\/h4>\n<\/div><\/div>\n","protected":false},"excerpt":{"rendered":"<p>O\u00d9 NOUS TROUVER? OUVERT \u00c0 TOUS &#8211; DU LUNDI AU VENDREDI DE 9H \u00e0 17H 386 rue H\u00e9bert, Mont-LaurierQu\u00e9bec, J9L 2X2<\/p>\n","protected":false},"author":2,"featured_media":0,"parent":0,"menu_order":0,"comment_status":"closed","ping_status":"closed","template":"","meta":{"neve_meta_sidebar":"","neve_meta_container":"","neve_meta_enable_content_width":"","neve_meta_content_width":0,"neve_meta_title_alignment":"","neve_meta_author_avatar":"","neve_post_elements_order":"","neve_meta_disable_header":"","neve_meta_disable_footer":"","neve_meta_disable_title":"on","footnotes":""},"class_list":["post-553","page","type-page","status-publish","hentry"],"_links":{"self":[{"href":"https:\/\/mannedujour.ca\/index.php?rest_route=\/wp\/v2\/pages\/553","targetHints":{"allow":["GET"]}}],"collection":[{"href":"https:\/\/mannedujour.ca\/index.php?rest_route=\/wp\/v2\/pages"}],"about":[{"href":"https:\/\/mannedujour.ca\/index.php?rest_route=\/wp\/v2\/types\/page"}],"author":[{"embeddable":true,"href":"https:\/\/mannedujour.ca\/index.php?rest_route=\/wp\/v2\/users\/2"}],"replies":[{"embeddable":true,"href":"https:\/\/mannedujour.ca\/index.php?rest_route=%2Fwp%2Fv2%2Fcomments&post=553"}],"version-history":[{"count":12,"href":"https:\/\/mannedujour.ca\/index.php?rest_route=\/wp\/v2\/pages\/553\/revisions"}],"predecessor-version":[{"id":757,"href":"https:\/\/mannedujour.ca\/index.php?rest_route=\/wp\/v2\/pages\/553\/revisions\/757"}],"wp:attachment":[{"href":"https:\/\/mannedujour.ca\/index.php?rest_route=%2Fwp%2Fv2%2Fmedia&parent=553"}],"curies":[{"name":"wp","href":"https:\/\/api.w.org\/{rel}","templated":true}]}}