{"id":75,"date":"2020-01-27T08:29:32","date_gmt":"2020-01-27T08:29:32","guid":{"rendered":"https:\/\/demosites.io\/web-agency-gb\/?page_id=75"},"modified":"2024-06-15T00:38:44","modified_gmt":"2024-06-15T00:38:44","slug":"15c42-web-agency-gb-contact-us","status":"publish","type":"page","link":"https:\/\/mannedujour.ca\/?page_id=75","title":{"rendered":"DONS SOUS DIVERSES FORMES"},"content":{"rendered":"\n<div class=\"wp-block-cover alignfull\"><span aria-hidden=\"true\" class=\"wp-block-cover__background has-background-dim\" style=\"background-color:#2a2b29\"><\/span><img loading=\"lazy\" decoding=\"async\" width=\"1000\" height=\"1500\" class=\"wp-block-cover__image-background wp-image-712\" alt=\"\" src=\"https:\/\/mannedujour.ca\/wp-content\/uploads\/2024\/06\/Background_don.jpg\" style=\"object-position:45% 39%\" data-object-fit=\"cover\" data-object-position=\"45% 39%\" srcset=\"https:\/\/mannedujour.ca\/wp-content\/uploads\/2024\/06\/Background_don.jpg 1000w, https:\/\/mannedujour.ca\/wp-content\/uploads\/2024\/06\/Background_don-200x300.jpg 200w, https:\/\/mannedujour.ca\/wp-content\/uploads\/2024\/06\/Background_don-683x1024.jpg 683w, https:\/\/mannedujour.ca\/wp-content\/uploads\/2024\/06\/Background_don-768x1152.jpg 768w\" sizes=\"auto, (max-width: 1000px) 100vw, 1000px\" \/><div class=\"wp-block-cover__inner-container is-layout-constrained wp-block-cover-is-layout-constrained\">\n<p class=\"has-text-align-center has-nv-site-bg-color has-text-color has-link-color has-x-large-font-size wp-elements-83af80388d4af8ca1453d45e1c72cb16\">DONS SOUS DIVERSES FORMES<\/p>\n<\/div><\/div>\n\n\n\n<div style=\"height:50px\" aria-hidden=\"true\" class=\"wp-block-spacer\"><\/div>\n\n\n\n<div class=\"wp-block-cover alignfull\" style=\"min-height:420px;aspect-ratio:unset;\"><span aria-hidden=\"true\" class=\"wp-block-cover__background has-nv-site-bg-background-color has-background-dim-100 has-background-dim\"><\/span><div class=\"wp-block-cover__inner-container is-layout-flow wp-block-cover-is-layout-flow\">\n<div class=\"wp-block-columns is-layout-flex wp-container-core-columns-is-layout-9d6595d7 wp-block-columns-is-layout-flex\">\n<div class=\"wp-block-column is-layout-flow wp-block-column-is-layout-flow\" style=\"flex-basis:25%\">\n<h3 class=\"wp-block-heading has-text-align-right has-nv-dark-bg-color has-text-color has-link-color wp-elements-ad6d5e22ac2dabbbf26782a8f30a8713\">DONS<br>ALIMENTAIRES<\/h3>\n<\/div>\n\n\n\n<div class=\"wp-block-column is-layout-flow wp-block-column-is-layout-flow\" style=\"flex-basis:50%\">\n<p class=\"has-nv-dark-bg-color has-text-color has-link-color wp-elements-1c145a1be2709ce4d1a3b4111a297007\">Nous acceptons tous les dons alimentaires afin de les remettre aux m\u00e9nages vivant dans un contexte de pr\u00e9carit\u00e9 \u00e9conomique. Ces derniers seront remis sous leur forme originale ou transform\u00e9e.<\/p>\n<\/div>\n\n\n\n<div class=\"wp-block-column is-layout-flow wp-block-column-is-layout-flow\" style=\"flex-basis:25%\">\n<figure class=\"wp-block-image size-large\"><img loading=\"lazy\" decoding=\"async\" width=\"1024\" height=\"499\" src=\"http:\/\/mannedujour.ca\/wp-content\/uploads\/2024\/05\/don_alimentaire-1024x499.jpg\" alt=\"\" class=\"wp-image-557\" srcset=\"https:\/\/mannedujour.ca\/wp-content\/uploads\/2024\/05\/don_alimentaire-1024x499.jpg 1024w, https:\/\/mannedujour.ca\/wp-content\/uploads\/2024\/05\/don_alimentaire-300x146.jpg 300w, https:\/\/mannedujour.ca\/wp-content\/uploads\/2024\/05\/don_alimentaire-768x374.jpg 768w, https:\/\/mannedujour.ca\/wp-content\/uploads\/2024\/05\/don_alimentaire.jpg 1100w\" sizes=\"auto, (max-width: 1024px) 100vw, 1024px\" \/><\/figure>\n<\/div>\n<\/div>\n\n\n\n<div class=\"wp-block-columns is-layout-flex wp-container-core-columns-is-layout-9d6595d7 wp-block-columns-is-layout-flex\">\n<div class=\"wp-block-column is-layout-flow wp-block-column-is-layout-flow\" style=\"flex-basis:25%\">\n<h3 class=\"wp-block-heading has-text-align-right has-nv-dark-bg-color has-text-color has-link-color wp-elements-24a50392481d7f0bab672176e36e4b66\">DONS SOUS FORME DE<br><strong>B\u00c9N\u00c9VOLAT<\/strong><\/h3>\n<\/div>\n\n\n\n<div class=\"wp-block-column is-layout-flow wp-block-column-is-layout-flow\" style=\"flex-basis:50%\">\n<p class=\"has-nv-dark-bg-color has-text-color has-link-color wp-elements-27642d48843ccdd6cb04ec9afd936136\">Qu\u2019il s\u2019agit de transformer de la nourriture, de placer des dons dans La Boutik, d\u2019aider dans le garage ou encore d\u2019assister l\u2019\u00e9ducatrice au Clud-Devoir, Manne du Jour appr\u00e9cie toujours la participation de b\u00e9n\u00e9voles assidus qui ont le sens des responsabilit\u00e9s et qui appuient leur cause.<\/p>\n<\/div>\n\n\n\n<div class=\"wp-block-column is-layout-flow wp-block-column-is-layout-flow\" style=\"flex-basis:25%\">\n<figure class=\"wp-block-image size-large\"><img loading=\"lazy\" decoding=\"async\" width=\"1024\" height=\"519\" src=\"http:\/\/mannedujour.ca\/wp-content\/uploads\/2024\/05\/Don_Benevolat-1024x519.jpeg\" alt=\"\" class=\"wp-image-558\" srcset=\"https:\/\/mannedujour.ca\/wp-content\/uploads\/2024\/05\/Don_Benevolat-1024x519.jpeg 1024w, https:\/\/mannedujour.ca\/wp-content\/uploads\/2024\/05\/Don_Benevolat-300x152.jpeg 300w, https:\/\/mannedujour.ca\/wp-content\/uploads\/2024\/05\/Don_Benevolat-768x389.jpeg 768w, https:\/\/mannedujour.ca\/wp-content\/uploads\/2024\/05\/Don_Benevolat.jpeg 1100w\" sizes=\"auto, (max-width: 1024px) 100vw, 1024px\" \/><\/figure>\n<\/div>\n<\/div>\n\n\n\n<div class=\"wp-block-columns is-layout-flex wp-container-core-columns-is-layout-9d6595d7 wp-block-columns-is-layout-flex\">\n<div class=\"wp-block-column is-layout-flow wp-block-column-is-layout-flow\" style=\"flex-basis:25%\">\n<h3 class=\"wp-block-heading has-text-align-right has-nv-dark-bg-color has-text-color has-link-color wp-elements-1bd35f8ba72d42b27f5796d3cd9789b8\">DONS&nbsp;\u200b\u00e0<br><strong>&nbsp;la&nbsp;<\/strong>BOUTIK<\/h3>\n<\/div>\n\n\n\n<div class=\"wp-block-column is-layout-flow wp-block-column-is-layout-flow\" style=\"flex-basis:50%\">\n<p class=\"has-nv-dark-bg-color has-text-color has-link-color wp-elements-68045e901ef5bc8306773d886b25fc3a\">Nous acceptons tous les dons en mat\u00e9riaux, meubles, vaisselles, v\u00eatements, \u00e9lectrom\u00e9nagers, articles de sport et bien plus.<\/p>\n<\/div>\n\n\n\n<div class=\"wp-block-column is-layout-flow wp-block-column-is-layout-flow\" style=\"flex-basis:25%\">\n<figure class=\"wp-block-image size-large\"><img loading=\"lazy\" decoding=\"async\" width=\"1024\" height=\"537\" src=\"http:\/\/mannedujour.ca\/wp-content\/uploads\/2024\/05\/don_Boutik-1024x537.jpg\" alt=\"\" class=\"wp-image-559\" srcset=\"https:\/\/mannedujour.ca\/wp-content\/uploads\/2024\/05\/don_Boutik-1024x537.jpg 1024w, https:\/\/mannedujour.ca\/wp-content\/uploads\/2024\/05\/don_Boutik-300x157.jpg 300w, https:\/\/mannedujour.ca\/wp-content\/uploads\/2024\/05\/don_Boutik-768x403.jpg 768w, https:\/\/mannedujour.ca\/wp-content\/uploads\/2024\/05\/don_Boutik.jpg 1100w\" sizes=\"auto, (max-width: 1024px) 100vw, 1024px\" \/><\/figure>\n<\/div>\n<\/div>\n\n\n\n<div class=\"wp-block-columns is-layout-flex wp-container-core-columns-is-layout-9d6595d7 wp-block-columns-is-layout-flex\">\n<div class=\"wp-block-column is-layout-flow wp-block-column-is-layout-flow\" style=\"flex-basis:25%\">\n<h3 class=\"wp-block-heading has-text-align-right has-nv-dark-bg-color has-text-color has-link-color wp-elements-f648316bd6abb36caea31aa7d7d93380\">DONS<br><strong>ARGENT<\/strong><\/h3>\n<\/div>\n\n\n\n<div class=\"wp-block-column is-layout-flow wp-block-column-is-layout-flow\" style=\"flex-basis:50%\">\n<p class=\"has-nv-dark-bg-color has-text-color has-link-color wp-elements-056eac20bd2bac4969e5620a65d907dc\">Nous acceptons tous les dons mon\u00e9taires, petits et grands.<\/p>\n<\/div>\n\n\n\n<div class=\"wp-block-column is-layout-flow wp-block-column-is-layout-flow\" style=\"flex-basis:25%\">\n<figure class=\"wp-block-image size-large\"><img loading=\"lazy\" decoding=\"async\" width=\"1024\" height=\"576\" src=\"http:\/\/mannedujour.ca\/wp-content\/uploads\/2024\/05\/Don_Argent-1024x576.jpg\" alt=\"\" class=\"wp-image-561\" srcset=\"https:\/\/mannedujour.ca\/wp-content\/uploads\/2024\/05\/Don_Argent-1024x576.jpg 1024w, https:\/\/mannedujour.ca\/wp-content\/uploads\/2024\/05\/Don_Argent-300x169.jpg 300w, https:\/\/mannedujour.ca\/wp-content\/uploads\/2024\/05\/Don_Argent-768x432.jpg 768w, https:\/\/mannedujour.ca\/wp-content\/uploads\/2024\/05\/Don_Argent.jpg 1200w\" sizes=\"auto, (max-width: 1024px) 100vw, 1024px\" \/><\/figure>\n<\/div>\n<\/div>\n<\/div><\/div>\n\n\n\n<div class=\"wp-block-cover alignfull\" style=\"min-height:600px;aspect-ratio:unset;\"><span aria-hidden=\"true\" class=\"wp-block-cover__background has-background-dim-100 has-background-dim has-background-gradient\" style=\"background:linear-gradient(135deg,rgb(183,184,183) 0%,rgb(224,226,216) 100%)\"><\/span><div class=\"wp-block-cover__inner-container is-layout-flow wp-block-cover-is-layout-flow\">\n<div class=\"wp-block-columns is-layout-flex wp-container-core-columns-is-layout-9d6595d7 wp-block-columns-is-layout-flex\">\n<div class=\"wp-block-column is-layout-flow wp-block-column-is-layout-flow\" style=\"flex-basis:33.33%\">\n<figure class=\"wp-block-image size-full\"><img loading=\"lazy\" decoding=\"async\" width=\"169\" height=\"186\" src=\"http:\/\/mannedujour.ca\/wp-content\/uploads\/2024\/05\/ampoules_orig.png\" alt=\"\" class=\"wp-image-489\"\/><\/figure>\n<\/div>\n\n\n\n<div class=\"wp-block-column is-layout-flow wp-block-column-is-layout-flow\" style=\"flex-basis:66.66%\">\n<h2 class=\"wp-block-heading has-text-color has-link-color wp-elements-71a1a2b21df54027abb541ed006358f1\" style=\"color:#555b51\">BONNES ID\u00c9ES<\/h2>\n\n\n\n<ul class=\"has-nv-dark-bg-color has-text-color has-link-color wp-block-list wp-elements-e5036e87f35753b9b5c5ee412884410a\">\n<li class=\"has-medium-font-size\">Cultiver un rang suppl\u00e9mentaire dans votre jardin afin de le remettre au comptoir alimentaire ;<\/li>\n\n\n\n<li class=\"has-medium-font-size\">Planifier une collecte de fonds tel qu\u2019un rallye automobile, un lave-auto, etc.\u202f;<\/li>\n\n\n\n<li class=\"has-medium-font-size\">Organiser une collecte de denr\u00e9es.<\/li>\n<\/ul>\n<\/div>\n<\/div>\n<\/div><\/div>\n","protected":false},"excerpt":{"rendered":"","protected":false},"author":2,"featured_media":0,"parent":0,"menu_order":0,"comment_status":"closed","ping_status":"closed","template":"","meta":{"neve_meta_sidebar":"default","neve_meta_container":"","neve_meta_enable_content_width":"on","neve_meta_content_width":100,"neve_meta_title_alignment":"","neve_meta_author_avatar":"","neve_post_elements_order":"","neve_meta_disable_header":"","neve_meta_disable_footer":"","neve_meta_disable_title":"on","footnotes":""},"class_list":["post-75","page","type-page","status-publish","hentry"],"_links":{"self":[{"href":"https:\/\/mannedujour.ca\/index.php?rest_route=\/wp\/v2\/pages\/75","targetHints":{"allow":["GET"]}}],"collection":[{"href":"https:\/\/mannedujour.ca\/index.php?rest_route=\/wp\/v2\/pages"}],"about":[{"href":"https:\/\/mannedujour.ca\/index.php?rest_route=\/wp\/v2\/types\/page"}],"author":[{"embeddable":true,"href":"https:\/\/mannedujour.ca\/index.php?rest_route=\/wp\/v2\/users\/2"}],"replies":[{"embeddable":true,"href":"https:\/\/mannedujour.ca\/index.php?rest_route=%2Fwp%2Fv2%2Fcomments&post=75"}],"version-history":[{"count":7,"href":"https:\/\/mannedujour.ca\/index.php?rest_route=\/wp\/v2\/pages\/75\/revisions"}],"predecessor-version":[{"id":717,"href":"https:\/\/mannedujour.ca\/index.php?rest_route=\/wp\/v2\/pages\/75\/revisions\/717"}],"wp:attachment":[{"href":"https:\/\/mannedujour.ca\/index.php?rest_route=%2Fwp%2Fv2%2Fmedia&parent=75"}],"curies":[{"name":"wp","href":"https:\/\/api.w.org\/{rel}","templated":true}]}}